{"id":29987,"date":"2024-11-21T21:17:46","date_gmt":"2024-11-21T21:17:46","guid":{"rendered":"https:\/\/moikacoffee.com\/?post_type=product&#038;p=29987"},"modified":"2026-02-16T11:12:50","modified_gmt":"2026-02-16T16:12:50","slug":"molino-profesional-electrico-wancle","status":"publish","type":"product","link":"https:\/\/moikacoffee.com\/en\/product\/wancle-professional-electric-grinder\/","title":{"rendered":"Professional electric coffee grinder Wancle brand - 28 precise grind settings for 12 cups"},"content":{"rendered":"<p>Consistent flavor extraction: Our electric coffee grinder offers 28 precise grind settings, allowing you to freely adjust it to your liking, from coarse to fine grind. This ensures that every cup of coffee has a good, consistent grind and flavor extraction, while retaining oils without generating excessive heat.<\/p>\n<p>On-demand control, perfect for 2-12 cups: this coffee grinder features on-demand grind control, allowing you to choose the amount of coffee to grind as needed, from as little as 2 cups up to 12 cups, customizing the perfect amount of ground coffee for you.<\/p>\n<p>Convenient operation, low noise level: our professional coffee grinder is easy to use. Simply adjust the coarseness setting, set the amount of cups and press the switch button, letting the grinder automatically complete the rest of the work. Plus, it operates quietly, without disturbing others.<\/p>\n<p>Easy to clean: the plastic bowl of the Wancle Burr coffee grinder is specially treated to prevent static electricity and coffee grounds from sticking. It is also equipped with a brush for easy cleaning.<\/p>","protected":false},"excerpt":{"rendered":"<p>Coffee grinder - electric and professional Wancle brand - Adjustable with 28 precise grind settings for 12 cups<\/p>\n<p>&nbsp;<\/p>","protected":false},"featured_media":29989,"comment_status":"open","ping_status":"closed","template":"","meta":{"inline_featured_image":false},"product_cat":[84],"product_tag":[],"class_list":{"0":"post-29987","1":"product","2":"type-product","3":"status-publish","4":"has-post-thumbnail","6":"product_cat-herramientas-para-cafe-utensilios","8":"first","9":"instock","10":"sale","11":"shipping-taxable","12":"purchasable","13":"product-type-simple"},"yoast_head":"<!-- This site is optimized with the Yoast SEO plugin v25.8 - https:\/\/yoast.com\/wordpress\/plugins\/seo\/ -->\n<title>Molino el\u00e9ctrico profesional de caf\u00e9 marca Wancle - 28 ajustes de molienda precisos para 12 tazas<\/title>\n<meta name=\"robots\" content=\"index, follow, max-snippet:-1, max-image-preview:large, max-video-preview:-1\" \/>\n<link rel=\"canonical\" href=\"https:\/\/moikacoffee.com\/en\/product\/wancle-professional-electric-grinder\/\" \/>\n<meta property=\"og:locale\" content=\"en_US\" \/>\n<meta property=\"og:type\" content=\"article\" \/>\n<meta property=\"og:title\" content=\"Molino el\u00e9ctrico profesional de caf\u00e9 marca Wancle - 28 ajustes de molienda precisos para 12 tazas\" \/>\n<meta property=\"og:description\" content=\"Molino de caf\u00e9 - el\u00e9ctrico y profesional marca Wancle - Ajustable con 28 configuraciones de molienda precisas para 12 tazas  &nbsp;\" \/>\n<meta property=\"og:url\" content=\"https:\/\/moikacoffee.com\/en\/product\/wancle-professional-electric-grinder\/\" \/>\n<meta property=\"og:site_name\" content=\"MOIKA | Colombian Specialty Coffee\" \/>\n<meta property=\"article:modified_time\" content=\"2026-02-16T16:12:50+00:00\" \/>\n<meta property=\"og:image\" content=\"https:\/\/moikacoffee.com\/wp-content\/uploads\/2024\/11\/coffee-grinder-moika.webp\" \/>\n\t<meta property=\"og:image:width\" content=\"1496\" \/>\n\t<meta property=\"og:image:height\" content=\"1450\" \/>\n\t<meta property=\"og:image:type\" content=\"image\/jpeg\" \/>\n<meta name=\"twitter:card\" content=\"summary_large_image\" \/>\n<meta name=\"twitter:label1\" content=\"Est. reading time\" \/>\n\t<meta name=\"twitter:data1\" content=\"2 minutes\" \/>\n<script type=\"application\/ld+json\" class=\"yoast-schema-graph\">{\"@context\":\"https:\/\/schema.org\",\"@graph\":[{\"@type\":\"WebPage\",\"@id\":\"https:\/\/moikacoffee.com\/producto\/molino-profesional-electrico-wancle\/\",\"url\":\"https:\/\/moikacoffee.com\/producto\/molino-profesional-electrico-wancle\/\",\"name\":\"Molino el\u00e9ctrico profesional de caf\u00e9 marca Wancle - 28 ajustes de molienda precisos para 12 tazas\",\"isPartOf\":{\"@id\":\"https:\/\/moikacoffee.com\/#website\"},\"primaryImageOfPage\":{\"@id\":\"https:\/\/moikacoffee.com\/producto\/molino-profesional-electrico-wancle\/#primaryimage\"},\"image\":{\"@id\":\"https:\/\/moikacoffee.com\/producto\/molino-profesional-electrico-wancle\/#primaryimage\"},\"thumbnailUrl\":\"https:\/\/moikacoffee.com\/wp-content\/uploads\/2024\/11\/coffee-grinder-moika.webp\",\"datePublished\":\"2024-11-21T21:17:46+00:00\",\"dateModified\":\"2026-02-16T16:12:50+00:00\",\"breadcrumb\":{\"@id\":\"https:\/\/moikacoffee.com\/producto\/molino-profesional-electrico-wancle\/#breadcrumb\"},\"inLanguage\":\"en-US\",\"potentialAction\":[{\"@type\":\"ReadAction\",\"target\":[\"https:\/\/moikacoffee.com\/producto\/molino-profesional-electrico-wancle\/\"]}]},{\"@type\":\"ImageObject\",\"inLanguage\":\"en-US\",\"@id\":\"https:\/\/moikacoffee.com\/producto\/molino-profesional-electrico-wancle\/#primaryimage\",\"url\":\"https:\/\/moikacoffee.com\/wp-content\/uploads\/2024\/11\/coffee-grinder-moika.webp\",\"contentUrl\":\"https:\/\/moikacoffee.com\/wp-content\/uploads\/2024\/11\/coffee-grinder-moika.webp\",\"width\":1496,\"height\":1450,\"caption\":\"professional coffee grinder\"},{\"@type\":\"BreadcrumbList\",\"@id\":\"https:\/\/moikacoffee.com\/producto\/molino-profesional-electrico-wancle\/#breadcrumb\",\"itemListElement\":[{\"@type\":\"ListItem\",\"position\":1,\"name\":\"Home\",\"item\":\"https:\/\/moikacoffee.com\/\"},{\"@type\":\"ListItem\",\"position\":2,\"name\":\"Comprar\",\"item\":\"https:\/\/moikacoffee.com\/tienda-en-linea\/\"},{\"@type\":\"ListItem\",\"position\":3,\"name\":\"Molino el\u00e9ctrico profesional de caf\u00e9 marca Wancle &#8211; 28 ajustes de molienda precisos para 12 tazas\"}]},{\"@type\":\"WebSite\",\"@id\":\"https:\/\/moikacoffee.com\/#website\",\"url\":\"https:\/\/moikacoffee.com\/\",\"name\":\"MOIKA | Colombian Specialty Coffee\",\"description\":\"Somos el sitio para amantes del buen caf\u00e9. Producimos caf\u00e9 de especialidad 100% colombiano y promovemos el consumo sostenible y de calidad.\",\"publisher\":{\"@id\":\"https:\/\/moikacoffee.com\/#organization\"},\"potentialAction\":[{\"@type\":\"SearchAction\",\"target\":{\"@type\":\"EntryPoint\",\"urlTemplate\":\"https:\/\/moikacoffee.com\/?s={search_term_string}\"},\"query-input\":{\"@type\":\"PropertyValueSpecification\",\"valueRequired\":true,\"valueName\":\"search_term_string\"}}],\"inLanguage\":\"en-US\"},{\"@type\":\"Organization\",\"@id\":\"https:\/\/moikacoffee.com\/#organization\",\"name\":\"MOIKA | Colombian Specialty Coffee\",\"url\":\"https:\/\/moikacoffee.com\/\",\"logo\":{\"@type\":\"ImageObject\",\"inLanguage\":\"en-US\",\"@id\":\"https:\/\/moikacoffee.com\/#\/schema\/logo\/image\/\",\"url\":\"https:\/\/moikacoffee.com\/wp-content\/uploads\/2025\/01\/cropped-Logo-Moika.webp\",\"contentUrl\":\"https:\/\/moikacoffee.com\/wp-content\/uploads\/2025\/01\/cropped-Logo-Moika.webp\",\"width\":1000,\"height\":999,\"caption\":\"MOIKA | Colombian Specialty Coffee\"},\"image\":{\"@id\":\"https:\/\/moikacoffee.com\/#\/schema\/logo\/image\/\"}}]}<\/script>\n<!-- \/ Yoast SEO plugin. -->","yoast_head_json":{"title":"Molino el\u00e9ctrico profesional de caf\u00e9 marca Wancle - 28 ajustes de molienda precisos para 12 tazas","robots":{"index":"index","follow":"follow","max-snippet":"max-snippet:-1","max-image-preview":"max-image-preview:large","max-video-preview":"max-video-preview:-1"},"canonical":"https:\/\/moikacoffee.com\/en\/product\/wancle-professional-electric-grinder\/","og_locale":"en_US","og_type":"article","og_title":"Molino el\u00e9ctrico profesional de caf\u00e9 marca Wancle - 28 ajustes de molienda precisos para 12 tazas","og_description":"Molino de caf\u00e9 - el\u00e9ctrico y profesional marca Wancle - Ajustable con 28 configuraciones de molienda precisas para 12 tazas  &nbsp;","og_url":"https:\/\/moikacoffee.com\/en\/product\/wancle-professional-electric-grinder\/","og_site_name":"MOIKA | Colombian Specialty Coffee","article_modified_time":"2026-02-16T16:12:50+00:00","og_image":[{"width":1496,"height":1450,"url":"https:\/\/moikacoffee.com\/wp-content\/uploads\/2024\/11\/coffee-grinder-moika.webp","type":"image\/jpeg"}],"twitter_card":"summary_large_image","twitter_misc":{"Est. reading time":"2 minutes"},"schema":{"@context":"https:\/\/schema.org","@graph":[{"@type":"WebPage","@id":"https:\/\/moikacoffee.com\/producto\/molino-profesional-electrico-wancle\/","url":"https:\/\/moikacoffee.com\/producto\/molino-profesional-electrico-wancle\/","name":"Molino el\u00e9ctrico profesional de caf\u00e9 marca Wancle - 28 ajustes de molienda precisos para 12 tazas","isPartOf":{"@id":"https:\/\/moikacoffee.com\/#website"},"primaryImageOfPage":{"@id":"https:\/\/moikacoffee.com\/producto\/molino-profesional-electrico-wancle\/#primaryimage"},"image":{"@id":"https:\/\/moikacoffee.com\/producto\/molino-profesional-electrico-wancle\/#primaryimage"},"thumbnailUrl":"https:\/\/moikacoffee.com\/wp-content\/uploads\/2024\/11\/coffee-grinder-moika.webp","datePublished":"2024-11-21T21:17:46+00:00","dateModified":"2026-02-16T16:12:50+00:00","breadcrumb":{"@id":"https:\/\/moikacoffee.com\/producto\/molino-profesional-electrico-wancle\/#breadcrumb"},"inLanguage":"en-US","potentialAction":[{"@type":"ReadAction","target":["https:\/\/moikacoffee.com\/producto\/molino-profesional-electrico-wancle\/"]}]},{"@type":"ImageObject","inLanguage":"en-US","@id":"https:\/\/moikacoffee.com\/producto\/molino-profesional-electrico-wancle\/#primaryimage","url":"https:\/\/moikacoffee.com\/wp-content\/uploads\/2024\/11\/coffee-grinder-moika.webp","contentUrl":"https:\/\/moikacoffee.com\/wp-content\/uploads\/2024\/11\/coffee-grinder-moika.webp","width":1496,"height":1450,"caption":"professional coffee grinder"},{"@type":"BreadcrumbList","@id":"https:\/\/moikacoffee.com\/producto\/molino-profesional-electrico-wancle\/#breadcrumb","itemListElement":[{"@type":"ListItem","position":1,"name":"Home","item":"https:\/\/moikacoffee.com\/"},{"@type":"ListItem","position":2,"name":"Comprar","item":"https:\/\/moikacoffee.com\/tienda-en-linea\/"},{"@type":"ListItem","position":3,"name":"Molino el\u00e9ctrico profesional de caf\u00e9 marca Wancle &#8211; 28 ajustes de molienda precisos para 12 tazas"}]},{"@type":"WebSite","@id":"https:\/\/moikacoffee.com\/#website","url":"https:\/\/moikacoffee.com\/","name":"MOIKA | Colombian Specialty Coffee","description":"Somos el sitio para amantes del buen caf\u00e9. Producimos caf\u00e9 de especialidad 100% colombiano y promovemos el consumo sostenible y de calidad.","publisher":{"@id":"https:\/\/moikacoffee.com\/#organization"},"potentialAction":[{"@type":"SearchAction","target":{"@type":"EntryPoint","urlTemplate":"https:\/\/moikacoffee.com\/?s={search_term_string}"},"query-input":{"@type":"PropertyValueSpecification","valueRequired":true,"valueName":"search_term_string"}}],"inLanguage":"en-US"},{"@type":"Organization","@id":"https:\/\/moikacoffee.com\/#organization","name":"MOIKA | Colombian Specialty Coffee","url":"https:\/\/moikacoffee.com\/","logo":{"@type":"ImageObject","inLanguage":"en-US","@id":"https:\/\/moikacoffee.com\/#\/schema\/logo\/image\/","url":"https:\/\/moikacoffee.com\/wp-content\/uploads\/2025\/01\/cropped-Logo-Moika.webp","contentUrl":"https:\/\/moikacoffee.com\/wp-content\/uploads\/2025\/01\/cropped-Logo-Moika.webp","width":1000,"height":999,"caption":"MOIKA | Colombian Specialty Coffee"},"image":{"@id":"https:\/\/moikacoffee.com\/#\/schema\/logo\/image\/"}}]}},"_links":{"self":[{"href":"https:\/\/moikacoffee.com\/en\/wp-json\/wp\/v2\/product\/29987","targetHints":{"allow":["GET"]}}],"collection":[{"href":"https:\/\/moikacoffee.com\/en\/wp-json\/wp\/v2\/product"}],"about":[{"href":"https:\/\/moikacoffee.com\/en\/wp-json\/wp\/v2\/types\/product"}],"replies":[{"embeddable":true,"href":"https:\/\/moikacoffee.com\/en\/wp-json\/wp\/v2\/comments?post=29987"}],"version-history":[{"count":6,"href":"https:\/\/moikacoffee.com\/en\/wp-json\/wp\/v2\/product\/29987\/revisions"}],"predecessor-version":[{"id":30434,"href":"https:\/\/moikacoffee.com\/en\/wp-json\/wp\/v2\/product\/29987\/revisions\/30434"}],"wp:featuredmedia":[{"embeddable":true,"href":"https:\/\/moikacoffee.com\/en\/wp-json\/wp\/v2\/media\/29989"}],"wp:attachment":[{"href":"https:\/\/moikacoffee.com\/en\/wp-json\/wp\/v2\/media?parent=29987"}],"wp:term":[{"taxonomy":"product_cat","embeddable":true,"href":"https:\/\/moikacoffee.com\/en\/wp-json\/wp\/v2\/product_cat?post=29987"},{"taxonomy":"product_tag","embeddable":true,"href":"https:\/\/moikacoffee.com\/en\/wp-json\/wp\/v2\/product_tag?post=29987"}],"curies":[{"name":"wp","href":"https:\/\/api.w.org\/{rel}","templated":true}]}}