{"id":29183,"date":"2024-04-09T02:03:28","date_gmt":"2024-04-09T02:03:28","guid":{"rendered":"https:\/\/moikacoffee.com\/?post_type=product&#038;p=29183"},"modified":"2025-01-06T18:09:58","modified_gmt":"2025-01-06T23:09:58","slug":"dripper-v60-peq","status":"publish","type":"product","link":"https:\/\/moikacoffee.com\/en\/product\/dripper-v60-peq\/","title":{"rendered":"Dripper V60 - Coffee Preparation Method V60 1-2 Cups"},"content":{"rendered":"<p>Dripper V60 - V60 Coffee Preparation Method 1-2 Cups<\/p>","protected":false},"excerpt":{"rendered":"<p>Dripper V60 - V60 Coffee Preparation Method 1-2 Cups<\/p>","protected":false},"featured_media":29184,"comment_status":"open","ping_status":"closed","template":"","meta":{"inline_featured_image":false},"product_cat":[84],"product_tag":[],"class_list":{"0":"post-29183","1":"product","2":"type-product","3":"status-publish","4":"has-post-thumbnail","6":"product_cat-herramientas-para-cafe-utensilios","8":"first","9":"outofstock","10":"sale","11":"shipping-taxable","12":"purchasable","13":"product-type-simple"},"yoast_head":"<!-- This site is optimized with the Yoast SEO plugin v25.8 - https:\/\/yoast.com\/wordpress\/plugins\/seo\/ -->\n<title>Dripper V60 - M\u00e9todo Preparaci\u00f3n de Caf\u00e9 V60 1-2 Tazas - MOIKA | Colombian Specialty Coffee<\/title>\n<meta name=\"robots\" content=\"index, follow, max-snippet:-1, max-image-preview:large, max-video-preview:-1\" \/>\n<link rel=\"canonical\" href=\"https:\/\/moikacoffee.com\/en\/product\/dripper-v60-peq\/\" \/>\n<meta property=\"og:locale\" content=\"en_US\" \/>\n<meta property=\"og:type\" content=\"article\" \/>\n<meta property=\"og:title\" content=\"Dripper V60 - M\u00e9todo Preparaci\u00f3n de Caf\u00e9 V60 1-2 Tazas - MOIKA | Colombian Specialty Coffee\" \/>\n<meta property=\"og:description\" content=\"Dripper V60 - M\u00e9todo de Preparaci\u00f3n de Caf\u00e9 V60 1-2 Tazas\" \/>\n<meta property=\"og:url\" content=\"https:\/\/moikacoffee.com\/en\/product\/dripper-v60-peq\/\" \/>\n<meta property=\"og:site_name\" content=\"MOIKA | Colombian Specialty Coffee\" \/>\n<meta property=\"article:modified_time\" content=\"2025-01-06T23:09:58+00:00\" \/>\n<meta property=\"og:image\" content=\"https:\/\/moikacoffee.com\/wp-content\/uploads\/2024\/04\/Dripper-v60-jpeg.webp\" \/>\n\t<meta property=\"og:image:width\" content=\"620\" \/>\n\t<meta property=\"og:image:height\" content=\"526\" \/>\n\t<meta property=\"og:image:type\" content=\"image\/jpeg\" \/>\n<meta name=\"twitter:card\" content=\"summary_large_image\" \/>\n<meta name=\"twitter:label1\" content=\"Est. reading time\" \/>\n\t<meta name=\"twitter:data1\" content=\"1 minute\" \/>\n<script type=\"application\/ld+json\" class=\"yoast-schema-graph\">{\"@context\":\"https:\/\/schema.org\",\"@graph\":[{\"@type\":\"WebPage\",\"@id\":\"https:\/\/moikacoffee.com\/producto\/dripper-v60-peq\/\",\"url\":\"https:\/\/moikacoffee.com\/producto\/dripper-v60-peq\/\",\"name\":\"Dripper V60 - M\u00e9todo Preparaci\u00f3n de Caf\u00e9 V60 1-2 Tazas - MOIKA | Colombian Specialty Coffee\",\"isPartOf\":{\"@id\":\"https:\/\/moikacoffee.com\/#website\"},\"primaryImageOfPage\":{\"@id\":\"https:\/\/moikacoffee.com\/producto\/dripper-v60-peq\/#primaryimage\"},\"image\":{\"@id\":\"https:\/\/moikacoffee.com\/producto\/dripper-v60-peq\/#primaryimage\"},\"thumbnailUrl\":\"https:\/\/moikacoffee.com\/wp-content\/uploads\/2024\/04\/Dripper-v60-jpeg.webp\",\"datePublished\":\"2024-04-09T02:03:28+00:00\",\"dateModified\":\"2025-01-06T23:09:58+00:00\",\"breadcrumb\":{\"@id\":\"https:\/\/moikacoffee.com\/producto\/dripper-v60-peq\/#breadcrumb\"},\"inLanguage\":\"en-US\",\"potentialAction\":[{\"@type\":\"ReadAction\",\"target\":[\"https:\/\/moikacoffee.com\/producto\/dripper-v60-peq\/\"]}]},{\"@type\":\"ImageObject\",\"inLanguage\":\"en-US\",\"@id\":\"https:\/\/moikacoffee.com\/producto\/dripper-v60-peq\/#primaryimage\",\"url\":\"https:\/\/moikacoffee.com\/wp-content\/uploads\/2024\/04\/Dripper-v60-jpeg.webp\",\"contentUrl\":\"https:\/\/moikacoffee.com\/wp-content\/uploads\/2024\/04\/Dripper-v60-jpeg.webp\",\"width\":620,\"height\":526},{\"@type\":\"BreadcrumbList\",\"@id\":\"https:\/\/moikacoffee.com\/producto\/dripper-v60-peq\/#breadcrumb\",\"itemListElement\":[{\"@type\":\"ListItem\",\"position\":1,\"name\":\"Home\",\"item\":\"https:\/\/moikacoffee.com\/\"},{\"@type\":\"ListItem\",\"position\":2,\"name\":\"Comprar\",\"item\":\"https:\/\/moikacoffee.com\/tienda-en-linea\/\"},{\"@type\":\"ListItem\",\"position\":3,\"name\":\"Dripper V60 &#8211; M\u00e9todo Preparaci\u00f3n de Caf\u00e9 V60 1-2 Tazas\"}]},{\"@type\":\"WebSite\",\"@id\":\"https:\/\/moikacoffee.com\/#website\",\"url\":\"https:\/\/moikacoffee.com\/\",\"name\":\"MOIKA | Colombian Specialty Coffee\",\"description\":\"Somos el sitio para amantes del buen caf\u00e9. Producimos caf\u00e9 de especialidad 100% colombiano y promovemos el consumo sostenible y de calidad.\",\"publisher\":{\"@id\":\"https:\/\/moikacoffee.com\/#organization\"},\"potentialAction\":[{\"@type\":\"SearchAction\",\"target\":{\"@type\":\"EntryPoint\",\"urlTemplate\":\"https:\/\/moikacoffee.com\/?s={search_term_string}\"},\"query-input\":{\"@type\":\"PropertyValueSpecification\",\"valueRequired\":true,\"valueName\":\"search_term_string\"}}],\"inLanguage\":\"en-US\"},{\"@type\":\"Organization\",\"@id\":\"https:\/\/moikacoffee.com\/#organization\",\"name\":\"MOIKA | Colombian Specialty Coffee\",\"url\":\"https:\/\/moikacoffee.com\/\",\"logo\":{\"@type\":\"ImageObject\",\"inLanguage\":\"en-US\",\"@id\":\"https:\/\/moikacoffee.com\/#\/schema\/logo\/image\/\",\"url\":\"https:\/\/moikacoffee.com\/wp-content\/uploads\/2025\/01\/cropped-Logo-Moika.webp\",\"contentUrl\":\"https:\/\/moikacoffee.com\/wp-content\/uploads\/2025\/01\/cropped-Logo-Moika.webp\",\"width\":1000,\"height\":999,\"caption\":\"MOIKA | Colombian Specialty Coffee\"},\"image\":{\"@id\":\"https:\/\/moikacoffee.com\/#\/schema\/logo\/image\/\"}}]}<\/script>\n<!-- \/ Yoast SEO plugin. -->","yoast_head_json":{"title":"Dripper V60 - M\u00e9todo Preparaci\u00f3n de Caf\u00e9 V60 1-2 Tazas - MOIKA | Colombian Specialty Coffee","robots":{"index":"index","follow":"follow","max-snippet":"max-snippet:-1","max-image-preview":"max-image-preview:large","max-video-preview":"max-video-preview:-1"},"canonical":"https:\/\/moikacoffee.com\/en\/product\/dripper-v60-peq\/","og_locale":"en_US","og_type":"article","og_title":"Dripper V60 - M\u00e9todo Preparaci\u00f3n de Caf\u00e9 V60 1-2 Tazas - MOIKA | Colombian Specialty Coffee","og_description":"Dripper V60 - M\u00e9todo de Preparaci\u00f3n de Caf\u00e9 V60 1-2 Tazas","og_url":"https:\/\/moikacoffee.com\/en\/product\/dripper-v60-peq\/","og_site_name":"MOIKA | Colombian Specialty Coffee","article_modified_time":"2025-01-06T23:09:58+00:00","og_image":[{"width":620,"height":526,"url":"https:\/\/moikacoffee.com\/wp-content\/uploads\/2024\/04\/Dripper-v60-jpeg.webp","type":"image\/jpeg"}],"twitter_card":"summary_large_image","twitter_misc":{"Est. reading time":"1 minute"},"schema":{"@context":"https:\/\/schema.org","@graph":[{"@type":"WebPage","@id":"https:\/\/moikacoffee.com\/producto\/dripper-v60-peq\/","url":"https:\/\/moikacoffee.com\/producto\/dripper-v60-peq\/","name":"Dripper V60 - M\u00e9todo Preparaci\u00f3n de Caf\u00e9 V60 1-2 Tazas - MOIKA | Colombian Specialty Coffee","isPartOf":{"@id":"https:\/\/moikacoffee.com\/#website"},"primaryImageOfPage":{"@id":"https:\/\/moikacoffee.com\/producto\/dripper-v60-peq\/#primaryimage"},"image":{"@id":"https:\/\/moikacoffee.com\/producto\/dripper-v60-peq\/#primaryimage"},"thumbnailUrl":"https:\/\/moikacoffee.com\/wp-content\/uploads\/2024\/04\/Dripper-v60-jpeg.webp","datePublished":"2024-04-09T02:03:28+00:00","dateModified":"2025-01-06T23:09:58+00:00","breadcrumb":{"@id":"https:\/\/moikacoffee.com\/producto\/dripper-v60-peq\/#breadcrumb"},"inLanguage":"en-US","potentialAction":[{"@type":"ReadAction","target":["https:\/\/moikacoffee.com\/producto\/dripper-v60-peq\/"]}]},{"@type":"ImageObject","inLanguage":"en-US","@id":"https:\/\/moikacoffee.com\/producto\/dripper-v60-peq\/#primaryimage","url":"https:\/\/moikacoffee.com\/wp-content\/uploads\/2024\/04\/Dripper-v60-jpeg.webp","contentUrl":"https:\/\/moikacoffee.com\/wp-content\/uploads\/2024\/04\/Dripper-v60-jpeg.webp","width":620,"height":526},{"@type":"BreadcrumbList","@id":"https:\/\/moikacoffee.com\/producto\/dripper-v60-peq\/#breadcrumb","itemListElement":[{"@type":"ListItem","position":1,"name":"Home","item":"https:\/\/moikacoffee.com\/"},{"@type":"ListItem","position":2,"name":"Comprar","item":"https:\/\/moikacoffee.com\/tienda-en-linea\/"},{"@type":"ListItem","position":3,"name":"Dripper V60 &#8211; M\u00e9todo Preparaci\u00f3n de Caf\u00e9 V60 1-2 Tazas"}]},{"@type":"WebSite","@id":"https:\/\/moikacoffee.com\/#website","url":"https:\/\/moikacoffee.com\/","name":"MOIKA | Colombian Specialty Coffee","description":"Somos el sitio para amantes del buen caf\u00e9. Producimos caf\u00e9 de especialidad 100% colombiano y promovemos el consumo sostenible y de calidad.","publisher":{"@id":"https:\/\/moikacoffee.com\/#organization"},"potentialAction":[{"@type":"SearchAction","target":{"@type":"EntryPoint","urlTemplate":"https:\/\/moikacoffee.com\/?s={search_term_string}"},"query-input":{"@type":"PropertyValueSpecification","valueRequired":true,"valueName":"search_term_string"}}],"inLanguage":"en-US"},{"@type":"Organization","@id":"https:\/\/moikacoffee.com\/#organization","name":"MOIKA | Colombian Specialty Coffee","url":"https:\/\/moikacoffee.com\/","logo":{"@type":"ImageObject","inLanguage":"en-US","@id":"https:\/\/moikacoffee.com\/#\/schema\/logo\/image\/","url":"https:\/\/moikacoffee.com\/wp-content\/uploads\/2025\/01\/cropped-Logo-Moika.webp","contentUrl":"https:\/\/moikacoffee.com\/wp-content\/uploads\/2025\/01\/cropped-Logo-Moika.webp","width":1000,"height":999,"caption":"MOIKA | Colombian Specialty Coffee"},"image":{"@id":"https:\/\/moikacoffee.com\/#\/schema\/logo\/image\/"}}]}},"_links":{"self":[{"href":"https:\/\/moikacoffee.com\/en\/wp-json\/wp\/v2\/product\/29183","targetHints":{"allow":["GET"]}}],"collection":[{"href":"https:\/\/moikacoffee.com\/en\/wp-json\/wp\/v2\/product"}],"about":[{"href":"https:\/\/moikacoffee.com\/en\/wp-json\/wp\/v2\/types\/product"}],"replies":[{"embeddable":true,"href":"https:\/\/moikacoffee.com\/en\/wp-json\/wp\/v2\/comments?post=29183"}],"version-history":[{"count":3,"href":"https:\/\/moikacoffee.com\/en\/wp-json\/wp\/v2\/product\/29183\/revisions"}],"predecessor-version":[{"id":30533,"href":"https:\/\/moikacoffee.com\/en\/wp-json\/wp\/v2\/product\/29183\/revisions\/30533"}],"wp:featuredmedia":[{"embeddable":true,"href":"https:\/\/moikacoffee.com\/en\/wp-json\/wp\/v2\/media\/29184"}],"wp:attachment":[{"href":"https:\/\/moikacoffee.com\/en\/wp-json\/wp\/v2\/media?parent=29183"}],"wp:term":[{"taxonomy":"product_cat","embeddable":true,"href":"https:\/\/moikacoffee.com\/en\/wp-json\/wp\/v2\/product_cat?post=29183"},{"taxonomy":"product_tag","embeddable":true,"href":"https:\/\/moikacoffee.com\/en\/wp-json\/wp\/v2\/product_tag?post=29183"}],"curies":[{"name":"wp","href":"https:\/\/api.w.org\/{rel}","templated":true}]}}