{"id":29160,"date":"2024-04-08T19:45:00","date_gmt":"2024-04-08T19:45:00","guid":{"rendered":"https:\/\/moikacoffee.com\/?post_type=product&#038;p=29160"},"modified":"2026-04-16T20:49:30","modified_gmt":"2026-04-17T01:49:30","slug":"filtro-cafe-pequeno","status":"publish","type":"product","link":"https:\/\/moikacoffee.com\/en\/product\/coffee-filter-1-2-cups\/","title":{"rendered":"Coffee filter, ideal for V60 size 1-2 cups"},"content":{"rendered":"<p>Coffee filter 1-2 cups, ideal for V60 preparations.<\/p>\n<p>brand: GATER<\/p>\n<p>Fold the paper filter along the seams and place it inside the cone. Add ground coffee (medium grind) for the required portions and shake lightly until level.<\/p>\n<p>*10-12 g is normally sufficient for one serving (120 ml).<\/p>\n<p>Remove the boiling water from the heat. Wait for the boiling water to settle. Pour hot water slowly to moisten the ground coffee from the center outward in a moving circular pattern. Wait about 30 seconds until the next pour.<\/p>\n<p>Start slowly adding more water using the same speed and rotary motion as before. Make sure that the water does not come in direct contact with the paper filter. The preparation should take 3 minutes.<\/p>\n<p>&nbsp;<\/p>","protected":false},"excerpt":{"rendered":"<p>Filter for coffee 1-2 cups, ideal for preparation in V60.<\/p>\n<p>Brand: GATER<\/p>","protected":false},"featured_media":29177,"comment_status":"open","ping_status":"closed","template":"","meta":{"inline_featured_image":false},"product_cat":[84],"product_tag":[],"class_list":{"0":"post-29160","1":"product","2":"type-product","3":"status-publish","4":"has-post-thumbnail","6":"product_cat-herramientas-para-cafe-utensilios","8":"first","9":"instock","10":"sale","11":"shipping-taxable","12":"purchasable","13":"product-type-simple"},"yoast_head":"<!-- This site is optimized with the Yoast SEO plugin v25.8 - https:\/\/yoast.com\/wordpress\/plugins\/seo\/ -->\n<title>Filtro para caf\u00e9, ideal para V60 tama\u00f1o 1-2 tazas - MOIKA | Colombian Specialty Coffee<\/title>\n<meta name=\"robots\" content=\"index, follow, max-snippet:-1, max-image-preview:large, max-video-preview:-1\" \/>\n<link rel=\"canonical\" href=\"https:\/\/moikacoffee.com\/en\/product\/coffee-filter-1-2-cups\/\" \/>\n<meta property=\"og:locale\" content=\"en_US\" \/>\n<meta property=\"og:type\" content=\"article\" \/>\n<meta property=\"og:title\" content=\"Filtro para caf\u00e9, ideal para V60 tama\u00f1o 1-2 tazas - MOIKA | Colombian Specialty Coffee\" \/>\n<meta property=\"og:description\" content=\"Filtro para caf\u00e9 1-2 tazas, ideal para preparaci\u00f3n en V60.  Marca: GATER\" \/>\n<meta property=\"og:url\" content=\"https:\/\/moikacoffee.com\/en\/product\/coffee-filter-1-2-cups\/\" \/>\n<meta property=\"og:site_name\" content=\"MOIKA | Colombian Specialty Coffee\" \/>\n<meta property=\"article:modified_time\" content=\"2026-04-17T01:49:30+00:00\" \/>\n<meta property=\"og:image\" content=\"https:\/\/moikacoffee.com\/wp-content\/uploads\/2024\/04\/GATER-FILTRO-PAPEL-jpeg.webp\" \/>\n\t<meta property=\"og:image:width\" content=\"831\" \/>\n\t<meta property=\"og:image:height\" content=\"609\" \/>\n\t<meta property=\"og:image:type\" content=\"image\/jpeg\" \/>\n<meta name=\"twitter:card\" content=\"summary_large_image\" \/>\n<meta name=\"twitter:label1\" content=\"Est. reading time\" \/>\n\t<meta name=\"twitter:data1\" content=\"1 minute\" \/>\n<script type=\"application\/ld+json\" class=\"yoast-schema-graph\">{\"@context\":\"https:\/\/schema.org\",\"@graph\":[{\"@type\":\"WebPage\",\"@id\":\"https:\/\/moikacoffee.com\/producto\/filtro-cafe-pequeno\/\",\"url\":\"https:\/\/moikacoffee.com\/producto\/filtro-cafe-pequeno\/\",\"name\":\"Filtro para caf\u00e9, ideal para V60 tama\u00f1o 1-2 tazas - MOIKA | Colombian Specialty Coffee\",\"isPartOf\":{\"@id\":\"https:\/\/moikacoffee.com\/#website\"},\"primaryImageOfPage\":{\"@id\":\"https:\/\/moikacoffee.com\/producto\/filtro-cafe-pequeno\/#primaryimage\"},\"image\":{\"@id\":\"https:\/\/moikacoffee.com\/producto\/filtro-cafe-pequeno\/#primaryimage\"},\"thumbnailUrl\":\"https:\/\/moikacoffee.com\/wp-content\/uploads\/2024\/04\/GATER-FILTRO-PAPEL-jpeg.webp\",\"datePublished\":\"2024-04-08T19:45:00+00:00\",\"dateModified\":\"2026-04-17T01:49:30+00:00\",\"breadcrumb\":{\"@id\":\"https:\/\/moikacoffee.com\/producto\/filtro-cafe-pequeno\/#breadcrumb\"},\"inLanguage\":\"en-US\",\"potentialAction\":[{\"@type\":\"ReadAction\",\"target\":[\"https:\/\/moikacoffee.com\/producto\/filtro-cafe-pequeno\/\"]}]},{\"@type\":\"ImageObject\",\"inLanguage\":\"en-US\",\"@id\":\"https:\/\/moikacoffee.com\/producto\/filtro-cafe-pequeno\/#primaryimage\",\"url\":\"https:\/\/moikacoffee.com\/wp-content\/uploads\/2024\/04\/GATER-FILTRO-PAPEL-jpeg.webp\",\"contentUrl\":\"https:\/\/moikacoffee.com\/wp-content\/uploads\/2024\/04\/GATER-FILTRO-PAPEL-jpeg.webp\",\"width\":831,\"height\":609},{\"@type\":\"BreadcrumbList\",\"@id\":\"https:\/\/moikacoffee.com\/producto\/filtro-cafe-pequeno\/#breadcrumb\",\"itemListElement\":[{\"@type\":\"ListItem\",\"position\":1,\"name\":\"Home\",\"item\":\"https:\/\/moikacoffee.com\/\"},{\"@type\":\"ListItem\",\"position\":2,\"name\":\"Comprar\",\"item\":\"https:\/\/moikacoffee.com\/tienda-en-linea\/\"},{\"@type\":\"ListItem\",\"position\":3,\"name\":\"Filtro para caf\u00e9, ideal para V60 tama\u00f1o 1-2 tazas\"}]},{\"@type\":\"WebSite\",\"@id\":\"https:\/\/moikacoffee.com\/#website\",\"url\":\"https:\/\/moikacoffee.com\/\",\"name\":\"MOIKA | Colombian Specialty Coffee\",\"description\":\"Somos el sitio para amantes del buen caf\u00e9. Producimos caf\u00e9 de especialidad 100% colombiano y promovemos el consumo sostenible y de calidad.\",\"publisher\":{\"@id\":\"https:\/\/moikacoffee.com\/#organization\"},\"potentialAction\":[{\"@type\":\"SearchAction\",\"target\":{\"@type\":\"EntryPoint\",\"urlTemplate\":\"https:\/\/moikacoffee.com\/?s={search_term_string}\"},\"query-input\":{\"@type\":\"PropertyValueSpecification\",\"valueRequired\":true,\"valueName\":\"search_term_string\"}}],\"inLanguage\":\"en-US\"},{\"@type\":\"Organization\",\"@id\":\"https:\/\/moikacoffee.com\/#organization\",\"name\":\"MOIKA | Colombian Specialty Coffee\",\"url\":\"https:\/\/moikacoffee.com\/\",\"logo\":{\"@type\":\"ImageObject\",\"inLanguage\":\"en-US\",\"@id\":\"https:\/\/moikacoffee.com\/#\/schema\/logo\/image\/\",\"url\":\"https:\/\/moikacoffee.com\/wp-content\/uploads\/2025\/01\/cropped-Logo-Moika.webp\",\"contentUrl\":\"https:\/\/moikacoffee.com\/wp-content\/uploads\/2025\/01\/cropped-Logo-Moika.webp\",\"width\":1000,\"height\":999,\"caption\":\"MOIKA | Colombian Specialty Coffee\"},\"image\":{\"@id\":\"https:\/\/moikacoffee.com\/#\/schema\/logo\/image\/\"}}]}<\/script>\n<!-- \/ Yoast SEO plugin. -->","yoast_head_json":{"title":"Filtro para caf\u00e9, ideal para V60 tama\u00f1o 1-2 tazas - MOIKA | Colombian Specialty Coffee","robots":{"index":"index","follow":"follow","max-snippet":"max-snippet:-1","max-image-preview":"max-image-preview:large","max-video-preview":"max-video-preview:-1"},"canonical":"https:\/\/moikacoffee.com\/en\/product\/coffee-filter-1-2-cups\/","og_locale":"en_US","og_type":"article","og_title":"Filtro para caf\u00e9, ideal para V60 tama\u00f1o 1-2 tazas - MOIKA | Colombian Specialty Coffee","og_description":"Filtro para caf\u00e9 1-2 tazas, ideal para preparaci\u00f3n en V60.  Marca: GATER","og_url":"https:\/\/moikacoffee.com\/en\/product\/coffee-filter-1-2-cups\/","og_site_name":"MOIKA | Colombian Specialty Coffee","article_modified_time":"2026-04-17T01:49:30+00:00","og_image":[{"width":831,"height":609,"url":"https:\/\/moikacoffee.com\/wp-content\/uploads\/2024\/04\/GATER-FILTRO-PAPEL-jpeg.webp","type":"image\/jpeg"}],"twitter_card":"summary_large_image","twitter_misc":{"Est. reading time":"1 minute"},"schema":{"@context":"https:\/\/schema.org","@graph":[{"@type":"WebPage","@id":"https:\/\/moikacoffee.com\/producto\/filtro-cafe-pequeno\/","url":"https:\/\/moikacoffee.com\/producto\/filtro-cafe-pequeno\/","name":"Filtro para caf\u00e9, ideal para V60 tama\u00f1o 1-2 tazas - MOIKA | Colombian Specialty Coffee","isPartOf":{"@id":"https:\/\/moikacoffee.com\/#website"},"primaryImageOfPage":{"@id":"https:\/\/moikacoffee.com\/producto\/filtro-cafe-pequeno\/#primaryimage"},"image":{"@id":"https:\/\/moikacoffee.com\/producto\/filtro-cafe-pequeno\/#primaryimage"},"thumbnailUrl":"https:\/\/moikacoffee.com\/wp-content\/uploads\/2024\/04\/GATER-FILTRO-PAPEL-jpeg.webp","datePublished":"2024-04-08T19:45:00+00:00","dateModified":"2026-04-17T01:49:30+00:00","breadcrumb":{"@id":"https:\/\/moikacoffee.com\/producto\/filtro-cafe-pequeno\/#breadcrumb"},"inLanguage":"en-US","potentialAction":[{"@type":"ReadAction","target":["https:\/\/moikacoffee.com\/producto\/filtro-cafe-pequeno\/"]}]},{"@type":"ImageObject","inLanguage":"en-US","@id":"https:\/\/moikacoffee.com\/producto\/filtro-cafe-pequeno\/#primaryimage","url":"https:\/\/moikacoffee.com\/wp-content\/uploads\/2024\/04\/GATER-FILTRO-PAPEL-jpeg.webp","contentUrl":"https:\/\/moikacoffee.com\/wp-content\/uploads\/2024\/04\/GATER-FILTRO-PAPEL-jpeg.webp","width":831,"height":609},{"@type":"BreadcrumbList","@id":"https:\/\/moikacoffee.com\/producto\/filtro-cafe-pequeno\/#breadcrumb","itemListElement":[{"@type":"ListItem","position":1,"name":"Home","item":"https:\/\/moikacoffee.com\/"},{"@type":"ListItem","position":2,"name":"Comprar","item":"https:\/\/moikacoffee.com\/tienda-en-linea\/"},{"@type":"ListItem","position":3,"name":"Filtro para caf\u00e9, ideal para V60 tama\u00f1o 1-2 tazas"}]},{"@type":"WebSite","@id":"https:\/\/moikacoffee.com\/#website","url":"https:\/\/moikacoffee.com\/","name":"MOIKA | Colombian Specialty Coffee","description":"Somos el sitio para amantes del buen caf\u00e9. Producimos caf\u00e9 de especialidad 100% colombiano y promovemos el consumo sostenible y de calidad.","publisher":{"@id":"https:\/\/moikacoffee.com\/#organization"},"potentialAction":[{"@type":"SearchAction","target":{"@type":"EntryPoint","urlTemplate":"https:\/\/moikacoffee.com\/?s={search_term_string}"},"query-input":{"@type":"PropertyValueSpecification","valueRequired":true,"valueName":"search_term_string"}}],"inLanguage":"en-US"},{"@type":"Organization","@id":"https:\/\/moikacoffee.com\/#organization","name":"MOIKA | Colombian Specialty Coffee","url":"https:\/\/moikacoffee.com\/","logo":{"@type":"ImageObject","inLanguage":"en-US","@id":"https:\/\/moikacoffee.com\/#\/schema\/logo\/image\/","url":"https:\/\/moikacoffee.com\/wp-content\/uploads\/2025\/01\/cropped-Logo-Moika.webp","contentUrl":"https:\/\/moikacoffee.com\/wp-content\/uploads\/2025\/01\/cropped-Logo-Moika.webp","width":1000,"height":999,"caption":"MOIKA | Colombian Specialty Coffee"},"image":{"@id":"https:\/\/moikacoffee.com\/#\/schema\/logo\/image\/"}}]}},"_links":{"self":[{"href":"https:\/\/moikacoffee.com\/en\/wp-json\/wp\/v2\/product\/29160","targetHints":{"allow":["GET"]}}],"collection":[{"href":"https:\/\/moikacoffee.com\/en\/wp-json\/wp\/v2\/product"}],"about":[{"href":"https:\/\/moikacoffee.com\/en\/wp-json\/wp\/v2\/types\/product"}],"replies":[{"embeddable":true,"href":"https:\/\/moikacoffee.com\/en\/wp-json\/wp\/v2\/comments?post=29160"}],"version-history":[{"count":6,"href":"https:\/\/moikacoffee.com\/en\/wp-json\/wp\/v2\/product\/29160\/revisions"}],"predecessor-version":[{"id":30871,"href":"https:\/\/moikacoffee.com\/en\/wp-json\/wp\/v2\/product\/29160\/revisions\/30871"}],"wp:featuredmedia":[{"embeddable":true,"href":"https:\/\/moikacoffee.com\/en\/wp-json\/wp\/v2\/media\/29177"}],"wp:attachment":[{"href":"https:\/\/moikacoffee.com\/en\/wp-json\/wp\/v2\/media?parent=29160"}],"wp:term":[{"taxonomy":"product_cat","embeddable":true,"href":"https:\/\/moikacoffee.com\/en\/wp-json\/wp\/v2\/product_cat?post=29160"},{"taxonomy":"product_tag","embeddable":true,"href":"https:\/\/moikacoffee.com\/en\/wp-json\/wp\/v2\/product_tag?post=29160"}],"curies":[{"name":"wp","href":"https:\/\/api.w.org\/{rel}","templated":true}]}}