{"id":29074,"date":"2024-03-14T20:19:48","date_gmt":"2024-03-14T20:19:48","guid":{"rendered":"http:\/\/moikacoffee.com\/?post_type=product&#038;p=29074"},"modified":"2026-04-16T20:51:36","modified_gmt":"2026-04-17T01:51:36","slug":"premium-black-cafe-moika-340g","status":"publish","type":"product","link":"https:\/\/moikacoffee.com\/en\/product\/premium-black-coffee-moika-340g\/","title":{"rendered":"Premium Black Coffee 340g"},"content":{"rendered":"<p>Premium Black specialty coffee 340g<\/p>\n<p>Colombian Arabica coffee 100%<\/p>\n<ul>\n<li><strong>Variety:<\/strong> Castle<\/li>\n<li><strong>Profile of Taza:<\/strong>\u00a0Low acidity and round body.<\/li>\n<li><strong>Flavor Notes:<\/strong>\u00a0Cocoa nibs, sweet to molasses, long lasting residual<\/li>\n<li><strong>Tostion:<\/strong>\u00a0Medium High<\/li>\n<li style=\"list-style-type: none;\"><\/li>\n<\/ul>\n<p>Available in grain and ground<\/p>","protected":false},"excerpt":{"rendered":"<p>Coffee 100% Colombian Arabica :: Colombian Coffee 100% <strong>Variety:<\/strong> Castle | <strong>Profile of Taza:<\/strong> Low acidity and round body <strong>Flavor Notes:<\/strong> Cocoa nibs, sweet to molasses, long lasting residual :: cocoa nibs, sweet to molasses, long residual :: cocoa nibs, sweet to molasses, long residual <strong>Tostion:<\/strong>\u00a0Medium High<\/p>\n<p>Available in grain and ground.<\/p>","protected":false},"featured_media":29080,"comment_status":"open","ping_status":"closed","template":"","meta":{"inline_featured_image":false},"product_cat":[83],"product_tag":[],"class_list":{"0":"post-29074","1":"product","2":"type-product","3":"status-publish","4":"has-post-thumbnail","6":"product_cat-cafe-empacado","8":"first","9":"instock","10":"shipping-taxable","11":"purchasable","12":"product-type-variable"},"yoast_head":"<!-- This site is optimized with the Yoast SEO plugin v25.8 - https:\/\/yoast.com\/wordpress\/plugins\/seo\/ -->\n<title>Caf\u00e9 Premium Black 340g - MOIKA | Colombian Specialty Coffee<\/title>\n<meta name=\"robots\" content=\"index, follow, max-snippet:-1, max-image-preview:large, max-video-preview:-1\" \/>\n<link rel=\"canonical\" href=\"https:\/\/moikacoffee.com\/en\/product\/premium-black-coffee-moika-340g\/\" \/>\n<meta property=\"og:locale\" content=\"en_US\" \/>\n<meta property=\"og:type\" content=\"article\" \/>\n<meta property=\"og:title\" content=\"Caf\u00e9 Premium Black 340g - MOIKA | Colombian Specialty Coffee\" \/>\n<meta property=\"og:description\" content=\"Caf\u00e9 100% ar\u00e1bico colombiano | Variedad: Castillo | Perfil de Taza: Acidez baja y cuerpo redondo | Notas de Sabor: Nibs de cacao, dulce a melaza, residual prolongado | Tosti\u00f3n:\u00a0Media Alta  Disponible en grano y molido.\" \/>\n<meta property=\"og:url\" content=\"https:\/\/moikacoffee.com\/en\/product\/premium-black-coffee-moika-340g\/\" \/>\n<meta property=\"og:site_name\" content=\"MOIKA | Colombian Specialty Coffee\" \/>\n<meta property=\"article:modified_time\" content=\"2026-04-17T01:51:36+00:00\" \/>\n<meta property=\"og:image\" content=\"https:\/\/moikacoffee.com\/wp-content\/uploads\/2024\/03\/Premium-Black-MOIKA-jpg.webp\" \/>\n\t<meta property=\"og:image:width\" content=\"1500\" \/>\n\t<meta property=\"og:image:height\" content=\"1500\" \/>\n\t<meta property=\"og:image:type\" content=\"image\/jpeg\" \/>\n<meta name=\"twitter:card\" content=\"summary_large_image\" \/>\n<meta name=\"twitter:label1\" content=\"Est. reading time\" \/>\n\t<meta name=\"twitter:data1\" content=\"1 minute\" \/>\n<script type=\"application\/ld+json\" class=\"yoast-schema-graph\">{\"@context\":\"https:\/\/schema.org\",\"@graph\":[{\"@type\":\"WebPage\",\"@id\":\"https:\/\/moikacoffee.com\/producto\/premium-black-cafe-moika-340g\/\",\"url\":\"https:\/\/moikacoffee.com\/producto\/premium-black-cafe-moika-340g\/\",\"name\":\"Caf\u00e9 Premium Black 340g - MOIKA | Colombian Specialty Coffee\",\"isPartOf\":{\"@id\":\"https:\/\/moikacoffee.com\/#website\"},\"primaryImageOfPage\":{\"@id\":\"https:\/\/moikacoffee.com\/producto\/premium-black-cafe-moika-340g\/#primaryimage\"},\"image\":{\"@id\":\"https:\/\/moikacoffee.com\/producto\/premium-black-cafe-moika-340g\/#primaryimage\"},\"thumbnailUrl\":\"https:\/\/moikacoffee.com\/wp-content\/uploads\/2024\/03\/Premium-Black-MOIKA-jpg.webp\",\"datePublished\":\"2024-03-14T20:19:48+00:00\",\"dateModified\":\"2026-04-17T01:51:36+00:00\",\"breadcrumb\":{\"@id\":\"https:\/\/moikacoffee.com\/producto\/premium-black-cafe-moika-340g\/#breadcrumb\"},\"inLanguage\":\"en-US\",\"potentialAction\":[{\"@type\":\"ReadAction\",\"target\":[\"https:\/\/moikacoffee.com\/producto\/premium-black-cafe-moika-340g\/\"]}]},{\"@type\":\"ImageObject\",\"inLanguage\":\"en-US\",\"@id\":\"https:\/\/moikacoffee.com\/producto\/premium-black-cafe-moika-340g\/#primaryimage\",\"url\":\"https:\/\/moikacoffee.com\/wp-content\/uploads\/2024\/03\/Premium-Black-MOIKA-jpg.webp\",\"contentUrl\":\"https:\/\/moikacoffee.com\/wp-content\/uploads\/2024\/03\/Premium-Black-MOIKA-jpg.webp\",\"width\":1500,\"height\":1500,\"caption\":\"Premium Black Coffee\"},{\"@type\":\"BreadcrumbList\",\"@id\":\"https:\/\/moikacoffee.com\/producto\/premium-black-cafe-moika-340g\/#breadcrumb\",\"itemListElement\":[{\"@type\":\"ListItem\",\"position\":1,\"name\":\"Home\",\"item\":\"https:\/\/moikacoffee.com\/\"},{\"@type\":\"ListItem\",\"position\":2,\"name\":\"Comprar\",\"item\":\"https:\/\/moikacoffee.com\/tienda-en-linea\/\"},{\"@type\":\"ListItem\",\"position\":3,\"name\":\"Caf\u00e9 Premium Black 340g\"}]},{\"@type\":\"WebSite\",\"@id\":\"https:\/\/moikacoffee.com\/#website\",\"url\":\"https:\/\/moikacoffee.com\/\",\"name\":\"MOIKA | Colombian Specialty Coffee\",\"description\":\"Somos el sitio para amantes del buen caf\u00e9. Producimos caf\u00e9 de especialidad 100% colombiano y promovemos el consumo sostenible y de calidad.\",\"publisher\":{\"@id\":\"https:\/\/moikacoffee.com\/#organization\"},\"potentialAction\":[{\"@type\":\"SearchAction\",\"target\":{\"@type\":\"EntryPoint\",\"urlTemplate\":\"https:\/\/moikacoffee.com\/?s={search_term_string}\"},\"query-input\":{\"@type\":\"PropertyValueSpecification\",\"valueRequired\":true,\"valueName\":\"search_term_string\"}}],\"inLanguage\":\"en-US\"},{\"@type\":\"Organization\",\"@id\":\"https:\/\/moikacoffee.com\/#organization\",\"name\":\"MOIKA | Colombian Specialty Coffee\",\"url\":\"https:\/\/moikacoffee.com\/\",\"logo\":{\"@type\":\"ImageObject\",\"inLanguage\":\"en-US\",\"@id\":\"https:\/\/moikacoffee.com\/#\/schema\/logo\/image\/\",\"url\":\"https:\/\/moikacoffee.com\/wp-content\/uploads\/2025\/01\/cropped-Logo-Moika.webp\",\"contentUrl\":\"https:\/\/moikacoffee.com\/wp-content\/uploads\/2025\/01\/cropped-Logo-Moika.webp\",\"width\":1000,\"height\":999,\"caption\":\"MOIKA | Colombian Specialty Coffee\"},\"image\":{\"@id\":\"https:\/\/moikacoffee.com\/#\/schema\/logo\/image\/\"}}]}<\/script>\n<!-- \/ Yoast SEO plugin. -->","yoast_head_json":{"title":"Caf\u00e9 Premium Black 340g - MOIKA | Colombian Specialty Coffee","robots":{"index":"index","follow":"follow","max-snippet":"max-snippet:-1","max-image-preview":"max-image-preview:large","max-video-preview":"max-video-preview:-1"},"canonical":"https:\/\/moikacoffee.com\/en\/product\/premium-black-coffee-moika-340g\/","og_locale":"en_US","og_type":"article","og_title":"Caf\u00e9 Premium Black 340g - MOIKA | Colombian Specialty Coffee","og_description":"Caf\u00e9 100% ar\u00e1bico colombiano | Variedad: Castillo | Perfil de Taza: Acidez baja y cuerpo redondo | Notas de Sabor: Nibs de cacao, dulce a melaza, residual prolongado | Tosti\u00f3n:\u00a0Media Alta  Disponible en grano y molido.","og_url":"https:\/\/moikacoffee.com\/en\/product\/premium-black-coffee-moika-340g\/","og_site_name":"MOIKA | Colombian Specialty Coffee","article_modified_time":"2026-04-17T01:51:36+00:00","og_image":[{"width":1500,"height":1500,"url":"https:\/\/moikacoffee.com\/wp-content\/uploads\/2024\/03\/Premium-Black-MOIKA-jpg.webp","type":"image\/jpeg"}],"twitter_card":"summary_large_image","twitter_misc":{"Est. reading time":"1 minute"},"schema":{"@context":"https:\/\/schema.org","@graph":[{"@type":"WebPage","@id":"https:\/\/moikacoffee.com\/producto\/premium-black-cafe-moika-340g\/","url":"https:\/\/moikacoffee.com\/producto\/premium-black-cafe-moika-340g\/","name":"Caf\u00e9 Premium Black 340g - MOIKA | Colombian Specialty Coffee","isPartOf":{"@id":"https:\/\/moikacoffee.com\/#website"},"primaryImageOfPage":{"@id":"https:\/\/moikacoffee.com\/producto\/premium-black-cafe-moika-340g\/#primaryimage"},"image":{"@id":"https:\/\/moikacoffee.com\/producto\/premium-black-cafe-moika-340g\/#primaryimage"},"thumbnailUrl":"https:\/\/moikacoffee.com\/wp-content\/uploads\/2024\/03\/Premium-Black-MOIKA-jpg.webp","datePublished":"2024-03-14T20:19:48+00:00","dateModified":"2026-04-17T01:51:36+00:00","breadcrumb":{"@id":"https:\/\/moikacoffee.com\/producto\/premium-black-cafe-moika-340g\/#breadcrumb"},"inLanguage":"en-US","potentialAction":[{"@type":"ReadAction","target":["https:\/\/moikacoffee.com\/producto\/premium-black-cafe-moika-340g\/"]}]},{"@type":"ImageObject","inLanguage":"en-US","@id":"https:\/\/moikacoffee.com\/producto\/premium-black-cafe-moika-340g\/#primaryimage","url":"https:\/\/moikacoffee.com\/wp-content\/uploads\/2024\/03\/Premium-Black-MOIKA-jpg.webp","contentUrl":"https:\/\/moikacoffee.com\/wp-content\/uploads\/2024\/03\/Premium-Black-MOIKA-jpg.webp","width":1500,"height":1500,"caption":"Premium Black Coffee"},{"@type":"BreadcrumbList","@id":"https:\/\/moikacoffee.com\/producto\/premium-black-cafe-moika-340g\/#breadcrumb","itemListElement":[{"@type":"ListItem","position":1,"name":"Home","item":"https:\/\/moikacoffee.com\/"},{"@type":"ListItem","position":2,"name":"Comprar","item":"https:\/\/moikacoffee.com\/tienda-en-linea\/"},{"@type":"ListItem","position":3,"name":"Caf\u00e9 Premium Black 340g"}]},{"@type":"WebSite","@id":"https:\/\/moikacoffee.com\/#website","url":"https:\/\/moikacoffee.com\/","name":"MOIKA | Colombian Specialty Coffee","description":"Somos el sitio para amantes del buen caf\u00e9. Producimos caf\u00e9 de especialidad 100% colombiano y promovemos el consumo sostenible y de calidad.","publisher":{"@id":"https:\/\/moikacoffee.com\/#organization"},"potentialAction":[{"@type":"SearchAction","target":{"@type":"EntryPoint","urlTemplate":"https:\/\/moikacoffee.com\/?s={search_term_string}"},"query-input":{"@type":"PropertyValueSpecification","valueRequired":true,"valueName":"search_term_string"}}],"inLanguage":"en-US"},{"@type":"Organization","@id":"https:\/\/moikacoffee.com\/#organization","name":"MOIKA | Colombian Specialty Coffee","url":"https:\/\/moikacoffee.com\/","logo":{"@type":"ImageObject","inLanguage":"en-US","@id":"https:\/\/moikacoffee.com\/#\/schema\/logo\/image\/","url":"https:\/\/moikacoffee.com\/wp-content\/uploads\/2025\/01\/cropped-Logo-Moika.webp","contentUrl":"https:\/\/moikacoffee.com\/wp-content\/uploads\/2025\/01\/cropped-Logo-Moika.webp","width":1000,"height":999,"caption":"MOIKA | Colombian Specialty Coffee"},"image":{"@id":"https:\/\/moikacoffee.com\/#\/schema\/logo\/image\/"}}]}},"_links":{"self":[{"href":"https:\/\/moikacoffee.com\/en\/wp-json\/wp\/v2\/product\/29074","targetHints":{"allow":["GET"]}}],"collection":[{"href":"https:\/\/moikacoffee.com\/en\/wp-json\/wp\/v2\/product"}],"about":[{"href":"https:\/\/moikacoffee.com\/en\/wp-json\/wp\/v2\/types\/product"}],"replies":[{"embeddable":true,"href":"https:\/\/moikacoffee.com\/en\/wp-json\/wp\/v2\/comments?post=29074"}],"version-history":[{"count":5,"href":"https:\/\/moikacoffee.com\/en\/wp-json\/wp\/v2\/product\/29074\/revisions"}],"predecessor-version":[{"id":30469,"href":"https:\/\/moikacoffee.com\/en\/wp-json\/wp\/v2\/product\/29074\/revisions\/30469"}],"wp:featuredmedia":[{"embeddable":true,"href":"https:\/\/moikacoffee.com\/en\/wp-json\/wp\/v2\/media\/29080"}],"wp:attachment":[{"href":"https:\/\/moikacoffee.com\/en\/wp-json\/wp\/v2\/media?parent=29074"}],"wp:term":[{"taxonomy":"product_cat","embeddable":true,"href":"https:\/\/moikacoffee.com\/en\/wp-json\/wp\/v2\/product_cat?post=29074"},{"taxonomy":"product_tag","embeddable":true,"href":"https:\/\/moikacoffee.com\/en\/wp-json\/wp\/v2\/product_tag?post=29074"}],"curies":[{"name":"wp","href":"https:\/\/api.w.org\/{rel}","templated":true}]}}