{"id":28620,"date":"2024-02-09T16:29:05","date_gmt":"2024-02-09T16:29:05","guid":{"rendered":"http:\/\/moikacoffee.com\/?post_type=product&#038;p=28620"},"modified":"2026-04-16T20:54:33","modified_gmt":"2026-04-17T01:54:33","slug":"kit-especial-moika-340g","status":"publish","type":"product","link":"https:\/\/moikacoffee.com\/en\/product\/moika-special-kit-340g\/","title":{"rendered":"Special Kit: Honey 340g + Bourbon Ros\u00e9 340g"},"content":{"rendered":"<p>Moika's special kit includes 1 pack of Honey 340g and 1 pack of Bourbon Ros\u00e9 340g.<\/p>\n<p>Total packages: 2 units.<\/p>\n<p>Colombian Arabica coffee 100%<\/p>\n<p><strong>Bourbon Ros\u00e9 Coffee<\/strong><\/p>\n<ul>\n<li><strong>Variety:<\/strong>\u00a0Bourbon Ros\u00e9<\/li>\n<li><strong>Profile of Taza:<\/strong>\u00a0Citric acidity and medium body.<\/li>\n<li><strong>Flavor Notes:<\/strong>\u00a0Sweet, chocolate, caramel and walnut<\/li>\n<li><strong>Tostion:<\/strong>\u00a0Media<\/li>\n<\/ul>\n<p><strong>Honey Coffee<\/strong><\/p>\n<ul>\n<li><strong>Variety:<\/strong>\u00a0Honey<\/li>\n<li><strong>Profile of Taza:<\/strong>\u00a0Citric acidity and medium body.<\/li>\n<li><strong>Flavor Notes:<\/strong>\u00a0red fruits, chocolate and intense sweetness.<\/li>\n<li><strong>Tostion:<\/strong>\u00a0Media<\/li>\n<\/ul>\n<p>Available in grain and ground.<\/p>","protected":false},"excerpt":{"rendered":"<p>Special Kit includes Honey 340g + Bourbon Ros\u00e9 340g<\/p>\n<p><strong>Bourbon Ros\u00e9 Coffee<\/strong><\/p>\n<p><strong>Variety:<\/strong> Bourbon Ros\u00e9 <strong>Profile of Taza:<\/strong> Citric acidity and medium body. <strong>Flavor Notes:<\/strong> Sweet, chocolate, caramel and walnut :: Sweet, chocolate, caramel and walnut :: Sweet, chocolate, caramel and walnut <strong>Tostion:<\/strong>\u00a0Media<\/p>\n<p><strong>Honey Coffee<\/strong><\/p>\n<p><strong>Variety:<\/strong> Honey | <strong>Profile of Taza:<\/strong> Citric acidity and medium body. | <strong>Flavor Notes:<\/strong> red fruits, chocolate and intense sweetness. | <strong>Tostion:<\/strong>\u00a0Media<\/p>\n<p>Available in grain and ground.<\/p>","protected":false},"featured_media":28682,"comment_status":"open","ping_status":"closed","template":"","meta":{"inline_featured_image":false},"product_cat":[83,86],"product_tag":[],"class_list":{"0":"post-28620","1":"product","2":"type-product","3":"status-publish","4":"has-post-thumbnail","6":"product_cat-cafe-empacado","7":"product_cat-kits","9":"first","10":"instock","11":"sale","12":"featured","13":"shipping-taxable","14":"purchasable","15":"product-type-variable"},"yoast_head":"<!-- This site is optimized with the Yoast SEO plugin v25.8 - https:\/\/yoast.com\/wordpress\/plugins\/seo\/ -->\n<title>Kit Especial: Honey 340g + Bourbon Rosado 340g - MOIKA | Colombian Specialty Coffee<\/title>\n<meta name=\"robots\" content=\"index, follow, max-snippet:-1, max-image-preview:large, max-video-preview:-1\" \/>\n<link rel=\"canonical\" href=\"https:\/\/moikacoffee.com\/en\/product\/moika-special-kit-340g\/\" \/>\n<meta property=\"og:locale\" content=\"en_US\" \/>\n<meta property=\"og:type\" content=\"article\" \/>\n<meta property=\"og:title\" content=\"Kit Especial: Honey 340g + Bourbon Rosado 340g - MOIKA | Colombian Specialty Coffee\" \/>\n<meta property=\"og:description\" content=\"Kit Especial incluye\u00a0Honey 340g + Bourbon Rosado 340g  Caf\u00e9 Bourbon Rosado  Variedad: Bourbon Rosado | Perfil de Taza: Acidez c\u00edtr\u00edca y cuerpo medio | Notas de Sabor: Dulce, chocolate, caramelo y nuez | Tosti\u00f3n:\u00a0Media  Caf\u00e9 Honey  Variedad: Honey | Perfil de Taza: Acidez c\u00edtrica y cuerpo medio. | Notas de Sabor: frutos rojos, chocolate y dulce intenso. | Tosti\u00f3n:\u00a0Media  Disponible en grano y molido.\" \/>\n<meta property=\"og:url\" content=\"https:\/\/moikacoffee.com\/en\/product\/moika-special-kit-340g\/\" \/>\n<meta property=\"og:site_name\" content=\"MOIKA | Colombian Specialty Coffee\" \/>\n<meta property=\"article:modified_time\" content=\"2026-04-17T01:54:33+00:00\" \/>\n<meta property=\"og:image\" content=\"https:\/\/moikacoffee.com\/wp-content\/uploads\/2024\/02\/kit-especial-jpeg.webp\" \/>\n\t<meta property=\"og:image:width\" content=\"1500\" \/>\n\t<meta property=\"og:image:height\" content=\"1500\" \/>\n\t<meta property=\"og:image:type\" content=\"image\/jpeg\" \/>\n<meta name=\"twitter:card\" content=\"summary_large_image\" \/>\n<meta name=\"twitter:label1\" content=\"Est. reading time\" \/>\n\t<meta name=\"twitter:data1\" content=\"1 minute\" \/>\n<script type=\"application\/ld+json\" class=\"yoast-schema-graph\">{\"@context\":\"https:\/\/schema.org\",\"@graph\":[{\"@type\":\"WebPage\",\"@id\":\"https:\/\/moikacoffee.com\/producto\/kit-especial-moika-340g\/\",\"url\":\"https:\/\/moikacoffee.com\/producto\/kit-especial-moika-340g\/\",\"name\":\"Kit Especial: Honey 340g + Bourbon Rosado 340g - MOIKA | Colombian Specialty Coffee\",\"isPartOf\":{\"@id\":\"https:\/\/moikacoffee.com\/#website\"},\"primaryImageOfPage\":{\"@id\":\"https:\/\/moikacoffee.com\/producto\/kit-especial-moika-340g\/#primaryimage\"},\"image\":{\"@id\":\"https:\/\/moikacoffee.com\/producto\/kit-especial-moika-340g\/#primaryimage\"},\"thumbnailUrl\":\"https:\/\/moikacoffee.com\/wp-content\/uploads\/2024\/02\/kit-especial-jpeg.webp\",\"datePublished\":\"2024-02-09T16:29:05+00:00\",\"dateModified\":\"2026-04-17T01:54:33+00:00\",\"breadcrumb\":{\"@id\":\"https:\/\/moikacoffee.com\/producto\/kit-especial-moika-340g\/#breadcrumb\"},\"inLanguage\":\"en-US\",\"potentialAction\":[{\"@type\":\"ReadAction\",\"target\":[\"https:\/\/moikacoffee.com\/producto\/kit-especial-moika-340g\/\"]}]},{\"@type\":\"ImageObject\",\"inLanguage\":\"en-US\",\"@id\":\"https:\/\/moikacoffee.com\/producto\/kit-especial-moika-340g\/#primaryimage\",\"url\":\"https:\/\/moikacoffee.com\/wp-content\/uploads\/2024\/02\/kit-especial-jpeg.webp\",\"contentUrl\":\"https:\/\/moikacoffee.com\/wp-content\/uploads\/2024\/02\/kit-especial-jpeg.webp\",\"width\":1500,\"height\":1500,\"caption\":\"kit especial\"},{\"@type\":\"BreadcrumbList\",\"@id\":\"https:\/\/moikacoffee.com\/producto\/kit-especial-moika-340g\/#breadcrumb\",\"itemListElement\":[{\"@type\":\"ListItem\",\"position\":1,\"name\":\"Home\",\"item\":\"https:\/\/moikacoffee.com\/\"},{\"@type\":\"ListItem\",\"position\":2,\"name\":\"Comprar\",\"item\":\"https:\/\/moikacoffee.com\/tienda-en-linea\/\"},{\"@type\":\"ListItem\",\"position\":3,\"name\":\"Kit Especial: Honey 340g + Bourbon Rosado 340g\"}]},{\"@type\":\"WebSite\",\"@id\":\"https:\/\/moikacoffee.com\/#website\",\"url\":\"https:\/\/moikacoffee.com\/\",\"name\":\"MOIKA | Colombian Specialty Coffee\",\"description\":\"Somos el sitio para amantes del buen caf\u00e9. Producimos caf\u00e9 de especialidad 100% colombiano y promovemos el consumo sostenible y de calidad.\",\"publisher\":{\"@id\":\"https:\/\/moikacoffee.com\/#organization\"},\"potentialAction\":[{\"@type\":\"SearchAction\",\"target\":{\"@type\":\"EntryPoint\",\"urlTemplate\":\"https:\/\/moikacoffee.com\/?s={search_term_string}\"},\"query-input\":{\"@type\":\"PropertyValueSpecification\",\"valueRequired\":true,\"valueName\":\"search_term_string\"}}],\"inLanguage\":\"en-US\"},{\"@type\":\"Organization\",\"@id\":\"https:\/\/moikacoffee.com\/#organization\",\"name\":\"MOIKA | Colombian Specialty Coffee\",\"url\":\"https:\/\/moikacoffee.com\/\",\"logo\":{\"@type\":\"ImageObject\",\"inLanguage\":\"en-US\",\"@id\":\"https:\/\/moikacoffee.com\/#\/schema\/logo\/image\/\",\"url\":\"https:\/\/moikacoffee.com\/wp-content\/uploads\/2025\/01\/cropped-Logo-Moika.webp\",\"contentUrl\":\"https:\/\/moikacoffee.com\/wp-content\/uploads\/2025\/01\/cropped-Logo-Moika.webp\",\"width\":1000,\"height\":999,\"caption\":\"MOIKA | Colombian Specialty Coffee\"},\"image\":{\"@id\":\"https:\/\/moikacoffee.com\/#\/schema\/logo\/image\/\"}}]}<\/script>\n<!-- \/ Yoast SEO plugin. -->","yoast_head_json":{"title":"Kit Especial: Honey 340g + Bourbon Rosado 340g - MOIKA | Colombian Specialty Coffee","robots":{"index":"index","follow":"follow","max-snippet":"max-snippet:-1","max-image-preview":"max-image-preview:large","max-video-preview":"max-video-preview:-1"},"canonical":"https:\/\/moikacoffee.com\/en\/product\/moika-special-kit-340g\/","og_locale":"en_US","og_type":"article","og_title":"Kit Especial: Honey 340g + Bourbon Rosado 340g - MOIKA | Colombian Specialty Coffee","og_description":"Kit Especial incluye\u00a0Honey 340g + Bourbon Rosado 340g  Caf\u00e9 Bourbon Rosado  Variedad: Bourbon Rosado | Perfil de Taza: Acidez c\u00edtr\u00edca y cuerpo medio | Notas de Sabor: Dulce, chocolate, caramelo y nuez | Tosti\u00f3n:\u00a0Media  Caf\u00e9 Honey  Variedad: Honey | Perfil de Taza: Acidez c\u00edtrica y cuerpo medio. | Notas de Sabor: frutos rojos, chocolate y dulce intenso. | Tosti\u00f3n:\u00a0Media  Disponible en grano y molido.","og_url":"https:\/\/moikacoffee.com\/en\/product\/moika-special-kit-340g\/","og_site_name":"MOIKA | Colombian Specialty Coffee","article_modified_time":"2026-04-17T01:54:33+00:00","og_image":[{"width":1500,"height":1500,"url":"https:\/\/moikacoffee.com\/wp-content\/uploads\/2024\/02\/kit-especial-jpeg.webp","type":"image\/jpeg"}],"twitter_card":"summary_large_image","twitter_misc":{"Est. reading time":"1 minute"},"schema":{"@context":"https:\/\/schema.org","@graph":[{"@type":"WebPage","@id":"https:\/\/moikacoffee.com\/producto\/kit-especial-moika-340g\/","url":"https:\/\/moikacoffee.com\/producto\/kit-especial-moika-340g\/","name":"Kit Especial: Honey 340g + Bourbon Rosado 340g - MOIKA | Colombian Specialty Coffee","isPartOf":{"@id":"https:\/\/moikacoffee.com\/#website"},"primaryImageOfPage":{"@id":"https:\/\/moikacoffee.com\/producto\/kit-especial-moika-340g\/#primaryimage"},"image":{"@id":"https:\/\/moikacoffee.com\/producto\/kit-especial-moika-340g\/#primaryimage"},"thumbnailUrl":"https:\/\/moikacoffee.com\/wp-content\/uploads\/2024\/02\/kit-especial-jpeg.webp","datePublished":"2024-02-09T16:29:05+00:00","dateModified":"2026-04-17T01:54:33+00:00","breadcrumb":{"@id":"https:\/\/moikacoffee.com\/producto\/kit-especial-moika-340g\/#breadcrumb"},"inLanguage":"en-US","potentialAction":[{"@type":"ReadAction","target":["https:\/\/moikacoffee.com\/producto\/kit-especial-moika-340g\/"]}]},{"@type":"ImageObject","inLanguage":"en-US","@id":"https:\/\/moikacoffee.com\/producto\/kit-especial-moika-340g\/#primaryimage","url":"https:\/\/moikacoffee.com\/wp-content\/uploads\/2024\/02\/kit-especial-jpeg.webp","contentUrl":"https:\/\/moikacoffee.com\/wp-content\/uploads\/2024\/02\/kit-especial-jpeg.webp","width":1500,"height":1500,"caption":"kit especial"},{"@type":"BreadcrumbList","@id":"https:\/\/moikacoffee.com\/producto\/kit-especial-moika-340g\/#breadcrumb","itemListElement":[{"@type":"ListItem","position":1,"name":"Home","item":"https:\/\/moikacoffee.com\/"},{"@type":"ListItem","position":2,"name":"Comprar","item":"https:\/\/moikacoffee.com\/tienda-en-linea\/"},{"@type":"ListItem","position":3,"name":"Kit Especial: Honey 340g + Bourbon Rosado 340g"}]},{"@type":"WebSite","@id":"https:\/\/moikacoffee.com\/#website","url":"https:\/\/moikacoffee.com\/","name":"MOIKA | Colombian Specialty Coffee","description":"Somos el sitio para amantes del buen caf\u00e9. Producimos caf\u00e9 de especialidad 100% colombiano y promovemos el consumo sostenible y de calidad.","publisher":{"@id":"https:\/\/moikacoffee.com\/#organization"},"potentialAction":[{"@type":"SearchAction","target":{"@type":"EntryPoint","urlTemplate":"https:\/\/moikacoffee.com\/?s={search_term_string}"},"query-input":{"@type":"PropertyValueSpecification","valueRequired":true,"valueName":"search_term_string"}}],"inLanguage":"en-US"},{"@type":"Organization","@id":"https:\/\/moikacoffee.com\/#organization","name":"MOIKA | Colombian Specialty Coffee","url":"https:\/\/moikacoffee.com\/","logo":{"@type":"ImageObject","inLanguage":"en-US","@id":"https:\/\/moikacoffee.com\/#\/schema\/logo\/image\/","url":"https:\/\/moikacoffee.com\/wp-content\/uploads\/2025\/01\/cropped-Logo-Moika.webp","contentUrl":"https:\/\/moikacoffee.com\/wp-content\/uploads\/2025\/01\/cropped-Logo-Moika.webp","width":1000,"height":999,"caption":"MOIKA | Colombian Specialty Coffee"},"image":{"@id":"https:\/\/moikacoffee.com\/#\/schema\/logo\/image\/"}}]}},"_links":{"self":[{"href":"https:\/\/moikacoffee.com\/en\/wp-json\/wp\/v2\/product\/28620","targetHints":{"allow":["GET"]}}],"collection":[{"href":"https:\/\/moikacoffee.com\/en\/wp-json\/wp\/v2\/product"}],"about":[{"href":"https:\/\/moikacoffee.com\/en\/wp-json\/wp\/v2\/types\/product"}],"replies":[{"embeddable":true,"href":"https:\/\/moikacoffee.com\/en\/wp-json\/wp\/v2\/comments?post=28620"}],"version-history":[{"count":7,"href":"https:\/\/moikacoffee.com\/en\/wp-json\/wp\/v2\/product\/28620\/revisions"}],"predecessor-version":[{"id":30488,"href":"https:\/\/moikacoffee.com\/en\/wp-json\/wp\/v2\/product\/28620\/revisions\/30488"}],"wp:featuredmedia":[{"embeddable":true,"href":"https:\/\/moikacoffee.com\/en\/wp-json\/wp\/v2\/media\/28682"}],"wp:attachment":[{"href":"https:\/\/moikacoffee.com\/en\/wp-json\/wp\/v2\/media?parent=28620"}],"wp:term":[{"taxonomy":"product_cat","embeddable":true,"href":"https:\/\/moikacoffee.com\/en\/wp-json\/wp\/v2\/product_cat?post=28620"},{"taxonomy":"product_tag","embeddable":true,"href":"https:\/\/moikacoffee.com\/en\/wp-json\/wp\/v2\/product_tag?post=28620"}],"curies":[{"name":"wp","href":"https:\/\/api.w.org\/{rel}","templated":true}]}}