{"id":28390,"date":"2023-12-20T20:54:05","date_gmt":"2023-12-20T20:54:05","guid":{"rendered":"http:\/\/moikacoffee.com\/?post_type=product&#038;p=28390"},"modified":"2026-04-16T21:12:33","modified_gmt":"2026-04-17T02:12:33","slug":"premium-moika-coffee-2-5kg","status":"publish","type":"product","link":"https:\/\/moikacoffee.com\/en\/product\/premium-moika-coffee-2-5kg\/","title":{"rendered":"Moika Coffee 2.5kg"},"content":{"rendered":"<p>Colombian Specialty Arabica Coffee 100%<\/p>\n<p><strong>Premium Coffee<\/strong><\/p>\n<ul>\n<li><strong>Variety:<\/strong> Castle<\/li>\n<li><strong>Profile of Taza:<\/strong> Medium acidity and creamy body.<\/li>\n<li><strong>Flavor Notes:<\/strong> Citrus fruit, floral and honey<\/li>\n<li><strong>Tostion:<\/strong> Media<\/li>\n<\/ul>\n<p><strong>Premium Black Coffee<\/strong><\/p>\n<ul>\n<li><strong>Variety:<\/strong> Castle<\/li>\n<li><strong>Profile of Taza:<\/strong> Low acidity and round body.<\/li>\n<li><strong>Flavor Notes:<\/strong> Cocoa nibs, sweet to molasses, long lasting residual<\/li>\n<li><strong>Tostion:<\/strong> Medium High<\/li>\n<\/ul>\n<p><strong>Bourbon Ros\u00e9 Coffee<\/strong><\/p>\n<ul>\n<li><strong>Variety:<\/strong> Bourbon Ros\u00e9<\/li>\n<li><strong>Profile of Taza:<\/strong> Citric acidity and medium body.<\/li>\n<li><strong>Flavor Notes:<\/strong> Sweet, chocolate, caramel and walnut<\/li>\n<li><strong>Tostion:<\/strong> Media<\/li>\n<\/ul>\n<p><strong>Honey Coffee<\/strong><\/p>\n<ul>\n<li><strong>Variety:<\/strong> Honey<\/li>\n<li><strong>Profile of Taza:<\/strong> Citric acidity and medium body.<\/li>\n<li><strong>Flavor Notes:<\/strong> red fruits, chocolate and intense sweetness.<\/li>\n<li><strong>Tostion:<\/strong> Media<\/li>\n<\/ul>\n<p><strong>Caf\u00e9 Classic - Not specialty coffee***.<\/strong><\/p>\n<ul>\n<li><strong>Variety:<\/strong> Caturra, Colombia and Castillo<\/li>\n<li><strong>Tostion:<\/strong> High<\/li>\n<\/ul>","protected":false},"excerpt":{"rendered":"<p>Moika Coffee - 100% Colombian Arabica in presentation 2.5 kg.<\/p>\n<p>Premium Coffee, Premium Black, Bourbon Ros\u00e9, Honey and classic<\/p>\n<p>All available in grain and ground.<\/p>","protected":false},"featured_media":28410,"comment_status":"open","ping_status":"closed","template":"","meta":{"inline_featured_image":false},"product_cat":[83],"product_tag":[],"class_list":{"0":"post-28390","1":"product","2":"type-product","3":"status-publish","4":"has-post-thumbnail","6":"product_cat-cafe-empacado","8":"first","9":"instock","10":"sale","11":"featured","12":"shipping-taxable","13":"purchasable","14":"product-type-variable"},"yoast_head":"<!-- This site is optimized with the Yoast SEO plugin v25.8 - https:\/\/yoast.com\/wordpress\/plugins\/seo\/ -->\n<title>Caf\u00e9 Moika 2.5kg - Proveedores de Cafeter\u00eda<\/title>\n<meta name=\"robots\" content=\"index, follow, max-snippet:-1, max-image-preview:large, max-video-preview:-1\" \/>\n<link rel=\"canonical\" href=\"https:\/\/moikacoffee.com\/en\/product\/premium-moika-coffee-2-5kg\/\" \/>\n<meta property=\"og:locale\" content=\"en_US\" \/>\n<meta property=\"og:type\" content=\"article\" \/>\n<meta property=\"og:title\" content=\"Caf\u00e9 Moika 2.5kg - Proveedores de Cafeter\u00eda\" \/>\n<meta property=\"og:description\" content=\"Caf\u00e9 Moika - 100% ar\u00e1bico colombiano en presentaci\u00f3n 2.5 kg.  Caf\u00e9 Premium, Premium Black, Bourbon Rosado, Honey y classic  Todos disponibles en grano y molido.\" \/>\n<meta property=\"og:url\" content=\"https:\/\/moikacoffee.com\/en\/product\/premium-moika-coffee-2-5kg\/\" \/>\n<meta property=\"og:site_name\" content=\"MOIKA | Colombian Specialty Coffee\" \/>\n<meta property=\"article:modified_time\" content=\"2026-04-17T02:12:33+00:00\" \/>\n<meta property=\"og:image\" content=\"https:\/\/moikacoffee.com\/wp-content\/uploads\/2023\/12\/Cafe-MOIKA-premium-25Kg-jpg.webp\" \/>\n\t<meta property=\"og:image:width\" content=\"1500\" \/>\n\t<meta property=\"og:image:height\" content=\"1500\" \/>\n\t<meta property=\"og:image:type\" content=\"image\/jpeg\" \/>\n<meta name=\"twitter:card\" content=\"summary_large_image\" \/>\n<meta name=\"twitter:label1\" content=\"Est. reading time\" \/>\n\t<meta name=\"twitter:data1\" content=\"1 minute\" \/>\n<script type=\"application\/ld+json\" class=\"yoast-schema-graph\">{\"@context\":\"https:\/\/schema.org\",\"@graph\":[{\"@type\":\"WebPage\",\"@id\":\"https:\/\/moikacoffee.com\/producto\/premium-moika-coffee-2-5kg\/\",\"url\":\"https:\/\/moikacoffee.com\/producto\/premium-moika-coffee-2-5kg\/\",\"name\":\"Caf\u00e9 Moika 2.5kg - Proveedores de Cafeter\u00eda\",\"isPartOf\":{\"@id\":\"https:\/\/moikacoffee.com\/#website\"},\"primaryImageOfPage\":{\"@id\":\"https:\/\/moikacoffee.com\/producto\/premium-moika-coffee-2-5kg\/#primaryimage\"},\"image\":{\"@id\":\"https:\/\/moikacoffee.com\/producto\/premium-moika-coffee-2-5kg\/#primaryimage\"},\"thumbnailUrl\":\"https:\/\/moikacoffee.com\/wp-content\/uploads\/2023\/12\/Cafe-MOIKA-premium-25Kg-jpg.webp\",\"datePublished\":\"2023-12-20T20:54:05+00:00\",\"dateModified\":\"2026-04-17T02:12:33+00:00\",\"breadcrumb\":{\"@id\":\"https:\/\/moikacoffee.com\/producto\/premium-moika-coffee-2-5kg\/#breadcrumb\"},\"inLanguage\":\"en-US\",\"potentialAction\":[{\"@type\":\"ReadAction\",\"target\":[\"https:\/\/moikacoffee.com\/producto\/premium-moika-coffee-2-5kg\/\"]}]},{\"@type\":\"ImageObject\",\"inLanguage\":\"en-US\",\"@id\":\"https:\/\/moikacoffee.com\/producto\/premium-moika-coffee-2-5kg\/#primaryimage\",\"url\":\"https:\/\/moikacoffee.com\/wp-content\/uploads\/2023\/12\/Cafe-MOIKA-premium-25Kg-jpg.webp\",\"contentUrl\":\"https:\/\/moikacoffee.com\/wp-content\/uploads\/2023\/12\/Cafe-MOIKA-premium-25Kg-jpg.webp\",\"width\":1500,\"height\":1500,\"caption\":\"proveedores de caf\u00e9 para cafeterias\"},{\"@type\":\"BreadcrumbList\",\"@id\":\"https:\/\/moikacoffee.com\/producto\/premium-moika-coffee-2-5kg\/#breadcrumb\",\"itemListElement\":[{\"@type\":\"ListItem\",\"position\":1,\"name\":\"Home\",\"item\":\"https:\/\/moikacoffee.com\/\"},{\"@type\":\"ListItem\",\"position\":2,\"name\":\"Comprar\",\"item\":\"https:\/\/moikacoffee.com\/tienda-en-linea\/\"},{\"@type\":\"ListItem\",\"position\":3,\"name\":\"Caf\u00e9 Moika 2.5kg\"}]},{\"@type\":\"WebSite\",\"@id\":\"https:\/\/moikacoffee.com\/#website\",\"url\":\"https:\/\/moikacoffee.com\/\",\"name\":\"MOIKA | Colombian Specialty Coffee\",\"description\":\"Somos el sitio para amantes del buen caf\u00e9. Producimos caf\u00e9 de especialidad 100% colombiano y promovemos el consumo sostenible y de calidad.\",\"publisher\":{\"@id\":\"https:\/\/moikacoffee.com\/#organization\"},\"potentialAction\":[{\"@type\":\"SearchAction\",\"target\":{\"@type\":\"EntryPoint\",\"urlTemplate\":\"https:\/\/moikacoffee.com\/?s={search_term_string}\"},\"query-input\":{\"@type\":\"PropertyValueSpecification\",\"valueRequired\":true,\"valueName\":\"search_term_string\"}}],\"inLanguage\":\"en-US\"},{\"@type\":\"Organization\",\"@id\":\"https:\/\/moikacoffee.com\/#organization\",\"name\":\"MOIKA | Colombian Specialty Coffee\",\"url\":\"https:\/\/moikacoffee.com\/\",\"logo\":{\"@type\":\"ImageObject\",\"inLanguage\":\"en-US\",\"@id\":\"https:\/\/moikacoffee.com\/#\/schema\/logo\/image\/\",\"url\":\"https:\/\/moikacoffee.com\/wp-content\/uploads\/2025\/01\/cropped-Logo-Moika.webp\",\"contentUrl\":\"https:\/\/moikacoffee.com\/wp-content\/uploads\/2025\/01\/cropped-Logo-Moika.webp\",\"width\":1000,\"height\":999,\"caption\":\"MOIKA | Colombian Specialty Coffee\"},\"image\":{\"@id\":\"https:\/\/moikacoffee.com\/#\/schema\/logo\/image\/\"}}]}<\/script>\n<!-- \/ Yoast SEO plugin. -->","yoast_head_json":{"title":"Caf\u00e9 Moika 2.5kg - Proveedores de Cafeter\u00eda","robots":{"index":"index","follow":"follow","max-snippet":"max-snippet:-1","max-image-preview":"max-image-preview:large","max-video-preview":"max-video-preview:-1"},"canonical":"https:\/\/moikacoffee.com\/en\/product\/premium-moika-coffee-2-5kg\/","og_locale":"en_US","og_type":"article","og_title":"Caf\u00e9 Moika 2.5kg - Proveedores de Cafeter\u00eda","og_description":"Caf\u00e9 Moika - 100% ar\u00e1bico colombiano en presentaci\u00f3n 2.5 kg.  Caf\u00e9 Premium, Premium Black, Bourbon Rosado, Honey y classic  Todos disponibles en grano y molido.","og_url":"https:\/\/moikacoffee.com\/en\/product\/premium-moika-coffee-2-5kg\/","og_site_name":"MOIKA | Colombian Specialty Coffee","article_modified_time":"2026-04-17T02:12:33+00:00","og_image":[{"width":1500,"height":1500,"url":"https:\/\/moikacoffee.com\/wp-content\/uploads\/2023\/12\/Cafe-MOIKA-premium-25Kg-jpg.webp","type":"image\/jpeg"}],"twitter_card":"summary_large_image","twitter_misc":{"Est. reading time":"1 minute"},"schema":{"@context":"https:\/\/schema.org","@graph":[{"@type":"WebPage","@id":"https:\/\/moikacoffee.com\/producto\/premium-moika-coffee-2-5kg\/","url":"https:\/\/moikacoffee.com\/producto\/premium-moika-coffee-2-5kg\/","name":"Caf\u00e9 Moika 2.5kg - Proveedores de Cafeter\u00eda","isPartOf":{"@id":"https:\/\/moikacoffee.com\/#website"},"primaryImageOfPage":{"@id":"https:\/\/moikacoffee.com\/producto\/premium-moika-coffee-2-5kg\/#primaryimage"},"image":{"@id":"https:\/\/moikacoffee.com\/producto\/premium-moika-coffee-2-5kg\/#primaryimage"},"thumbnailUrl":"https:\/\/moikacoffee.com\/wp-content\/uploads\/2023\/12\/Cafe-MOIKA-premium-25Kg-jpg.webp","datePublished":"2023-12-20T20:54:05+00:00","dateModified":"2026-04-17T02:12:33+00:00","breadcrumb":{"@id":"https:\/\/moikacoffee.com\/producto\/premium-moika-coffee-2-5kg\/#breadcrumb"},"inLanguage":"en-US","potentialAction":[{"@type":"ReadAction","target":["https:\/\/moikacoffee.com\/producto\/premium-moika-coffee-2-5kg\/"]}]},{"@type":"ImageObject","inLanguage":"en-US","@id":"https:\/\/moikacoffee.com\/producto\/premium-moika-coffee-2-5kg\/#primaryimage","url":"https:\/\/moikacoffee.com\/wp-content\/uploads\/2023\/12\/Cafe-MOIKA-premium-25Kg-jpg.webp","contentUrl":"https:\/\/moikacoffee.com\/wp-content\/uploads\/2023\/12\/Cafe-MOIKA-premium-25Kg-jpg.webp","width":1500,"height":1500,"caption":"proveedores de caf\u00e9 para cafeterias"},{"@type":"BreadcrumbList","@id":"https:\/\/moikacoffee.com\/producto\/premium-moika-coffee-2-5kg\/#breadcrumb","itemListElement":[{"@type":"ListItem","position":1,"name":"Home","item":"https:\/\/moikacoffee.com\/"},{"@type":"ListItem","position":2,"name":"Comprar","item":"https:\/\/moikacoffee.com\/tienda-en-linea\/"},{"@type":"ListItem","position":3,"name":"Caf\u00e9 Moika 2.5kg"}]},{"@type":"WebSite","@id":"https:\/\/moikacoffee.com\/#website","url":"https:\/\/moikacoffee.com\/","name":"MOIKA | Colombian Specialty Coffee","description":"Somos el sitio para amantes del buen caf\u00e9. Producimos caf\u00e9 de especialidad 100% colombiano y promovemos el consumo sostenible y de calidad.","publisher":{"@id":"https:\/\/moikacoffee.com\/#organization"},"potentialAction":[{"@type":"SearchAction","target":{"@type":"EntryPoint","urlTemplate":"https:\/\/moikacoffee.com\/?s={search_term_string}"},"query-input":{"@type":"PropertyValueSpecification","valueRequired":true,"valueName":"search_term_string"}}],"inLanguage":"en-US"},{"@type":"Organization","@id":"https:\/\/moikacoffee.com\/#organization","name":"MOIKA | Colombian Specialty Coffee","url":"https:\/\/moikacoffee.com\/","logo":{"@type":"ImageObject","inLanguage":"en-US","@id":"https:\/\/moikacoffee.com\/#\/schema\/logo\/image\/","url":"https:\/\/moikacoffee.com\/wp-content\/uploads\/2025\/01\/cropped-Logo-Moika.webp","contentUrl":"https:\/\/moikacoffee.com\/wp-content\/uploads\/2025\/01\/cropped-Logo-Moika.webp","width":1000,"height":999,"caption":"MOIKA | Colombian Specialty Coffee"},"image":{"@id":"https:\/\/moikacoffee.com\/#\/schema\/logo\/image\/"}}]}},"_links":{"self":[{"href":"https:\/\/moikacoffee.com\/en\/wp-json\/wp\/v2\/product\/28390","targetHints":{"allow":["GET"]}}],"collection":[{"href":"https:\/\/moikacoffee.com\/en\/wp-json\/wp\/v2\/product"}],"about":[{"href":"https:\/\/moikacoffee.com\/en\/wp-json\/wp\/v2\/types\/product"}],"replies":[{"embeddable":true,"href":"https:\/\/moikacoffee.com\/en\/wp-json\/wp\/v2\/comments?post=28390"}],"version-history":[{"count":7,"href":"https:\/\/moikacoffee.com\/en\/wp-json\/wp\/v2\/product\/28390\/revisions"}],"predecessor-version":[{"id":30453,"href":"https:\/\/moikacoffee.com\/en\/wp-json\/wp\/v2\/product\/28390\/revisions\/30453"}],"wp:featuredmedia":[{"embeddable":true,"href":"https:\/\/moikacoffee.com\/en\/wp-json\/wp\/v2\/media\/28410"}],"wp:attachment":[{"href":"https:\/\/moikacoffee.com\/en\/wp-json\/wp\/v2\/media?parent=28390"}],"wp:term":[{"taxonomy":"product_cat","embeddable":true,"href":"https:\/\/moikacoffee.com\/en\/wp-json\/wp\/v2\/product_cat?post=28390"},{"taxonomy":"product_tag","embeddable":true,"href":"https:\/\/moikacoffee.com\/en\/wp-json\/wp\/v2\/product_tag?post=28390"}],"curies":[{"name":"wp","href":"https:\/\/api.w.org\/{rel}","templated":true}]}}