{"id":28211,"date":"2023-11-24T00:26:56","date_gmt":"2023-11-24T00:26:56","guid":{"rendered":"http:\/\/moikacoffee.com\/?post_type=product&#038;p=28211"},"modified":"2026-04-16T21:14:52","modified_gmt":"2026-04-17T02:14:52","slug":"duo-pack-premium-moika-coffee","status":"publish","type":"product","link":"https:\/\/moikacoffee.com\/en\/product\/moika-coffee-premium-duo-pack\/","title":{"rendered":"Duo Premium Kit 340g"},"content":{"rendered":"<p>The Premium Duo Kit includes 2 packages of 340g of Premium coffee.<\/p>\n<p>Total packages: 2 units, each of 340g.<\/p>\n<p>Colombian Arabica coffee 100%<\/p>\n<ul>\n<li><strong>Variety:<\/strong>\u00a0Castle<\/li>\n<li><strong>Profile of Taza:<\/strong>\u00a0Medium acidity and creamy body.<\/li>\n<li><strong>Flavor Notes:<\/strong>\u00a0Citrus fruit, floral and honey<\/li>\n<li><strong>Tostion:<\/strong>\u00a0Media<\/li>\n<li style=\"list-style-type: none;\"><\/li>\n<\/ul>\n<p>Coffee available in ground and beans.<\/p>","protected":false},"excerpt":{"rendered":"<p>Colombian arabica coffee 100% :: Colombian Arabica coffee 100% <strong>Variety:<\/strong> Castle | <strong>Profile of Taza:<\/strong> Medium acidity and creamy body. <strong>Flavor Notes:<\/strong> Citrus fruit, floral and honey :: citrus fruit, floral and honey :: citrus fruit and honey <strong>Tostion:<\/strong>\u00a0Media<\/p>\n<p>Available in grain and ground.<\/p>","protected":false},"featured_media":28552,"comment_status":"open","ping_status":"closed","template":"","meta":{"inline_featured_image":false},"product_cat":[83,86],"product_tag":[],"class_list":{"0":"post-28211","1":"product","2":"type-product","3":"status-publish","4":"has-post-thumbnail","6":"product_cat-cafe-empacado","7":"product_cat-kits","9":"first","10":"instock","11":"sale","12":"featured","13":"shipping-taxable","14":"purchasable","15":"product-type-variable"},"yoast_head":"<!-- This site is optimized with the Yoast SEO plugin v25.8 - https:\/\/yoast.com\/wordpress\/plugins\/seo\/ -->\n<title>Kit Duo Premium 340g - MOIKA | Colombian Specialty Coffee<\/title>\n<meta name=\"robots\" content=\"index, follow, max-snippet:-1, max-image-preview:large, max-video-preview:-1\" \/>\n<link rel=\"canonical\" href=\"https:\/\/moikacoffee.com\/en\/product\/moika-coffee-premium-duo-pack\/\" \/>\n<meta property=\"og:locale\" content=\"en_US\" \/>\n<meta property=\"og:type\" content=\"article\" \/>\n<meta property=\"og:title\" content=\"Kit Duo Premium 340g - MOIKA | Colombian Specialty Coffee\" \/>\n<meta property=\"og:description\" content=\"Caf\u00e9 ar\u00e1bico 100% colombiano | Variedad: Castillo | Perfil de Taza: Acidez media y cuerpo cremoso. | Notas de Sabor: Fruta c\u00edtr\u00edca, floral y miel | Tosti\u00f3n:\u00a0Media  Disponible en grano y molido.\" \/>\n<meta property=\"og:url\" content=\"https:\/\/moikacoffee.com\/en\/product\/moika-coffee-premium-duo-pack\/\" \/>\n<meta property=\"og:site_name\" content=\"MOIKA | Colombian Specialty Coffee\" \/>\n<meta property=\"article:modified_time\" content=\"2026-04-17T02:14:52+00:00\" \/>\n<meta property=\"og:image\" content=\"https:\/\/moikacoffee.com\/wp-content\/uploads\/2023\/11\/Duo-pack-cafe-premium-2-colombia-coffee-1-1024x1024.png\" \/>\n\t<meta property=\"og:image:width\" content=\"1024\" \/>\n\t<meta property=\"og:image:height\" content=\"1024\" \/>\n\t<meta property=\"og:image:type\" content=\"image\/png\" \/>\n<meta name=\"twitter:card\" content=\"summary_large_image\" \/>\n<meta name=\"twitter:label1\" content=\"Est. reading time\" \/>\n\t<meta name=\"twitter:data1\" content=\"1 minute\" \/>\n<script type=\"application\/ld+json\" class=\"yoast-schema-graph\">{\"@context\":\"https:\/\/schema.org\",\"@graph\":[{\"@type\":\"WebPage\",\"@id\":\"https:\/\/moikacoffee.com\/producto\/duo-pack-premium-moika-coffee\/\",\"url\":\"https:\/\/moikacoffee.com\/producto\/duo-pack-premium-moika-coffee\/\",\"name\":\"Kit Duo Premium 340g - MOIKA | Colombian Specialty Coffee\",\"isPartOf\":{\"@id\":\"https:\/\/moikacoffee.com\/#website\"},\"primaryImageOfPage\":{\"@id\":\"https:\/\/moikacoffee.com\/producto\/duo-pack-premium-moika-coffee\/#primaryimage\"},\"image\":{\"@id\":\"https:\/\/moikacoffee.com\/producto\/duo-pack-premium-moika-coffee\/#primaryimage\"},\"thumbnailUrl\":\"https:\/\/moikacoffee.com\/wp-content\/uploads\/2023\/11\/Duo-pack-cafe-premium-2-colombia-coffee-1.png\",\"datePublished\":\"2023-11-24T00:26:56+00:00\",\"dateModified\":\"2026-04-17T02:14:52+00:00\",\"breadcrumb\":{\"@id\":\"https:\/\/moikacoffee.com\/producto\/duo-pack-premium-moika-coffee\/#breadcrumb\"},\"inLanguage\":\"en-US\",\"potentialAction\":[{\"@type\":\"ReadAction\",\"target\":[\"https:\/\/moikacoffee.com\/producto\/duo-pack-premium-moika-coffee\/\"]}]},{\"@type\":\"ImageObject\",\"inLanguage\":\"en-US\",\"@id\":\"https:\/\/moikacoffee.com\/producto\/duo-pack-premium-moika-coffee\/#primaryimage\",\"url\":\"https:\/\/moikacoffee.com\/wp-content\/uploads\/2023\/11\/Duo-pack-cafe-premium-2-colombia-coffee-1.png\",\"contentUrl\":\"https:\/\/moikacoffee.com\/wp-content\/uploads\/2023\/11\/Duo-pack-cafe-premium-2-colombia-coffee-1.png\",\"width\":1500,\"height\":1500,\"caption\":\"Duo Premium Coffee\"},{\"@type\":\"BreadcrumbList\",\"@id\":\"https:\/\/moikacoffee.com\/producto\/duo-pack-premium-moika-coffee\/#breadcrumb\",\"itemListElement\":[{\"@type\":\"ListItem\",\"position\":1,\"name\":\"Home\",\"item\":\"https:\/\/moikacoffee.com\/\"},{\"@type\":\"ListItem\",\"position\":2,\"name\":\"Comprar\",\"item\":\"https:\/\/moikacoffee.com\/tienda-en-linea\/\"},{\"@type\":\"ListItem\",\"position\":3,\"name\":\"Kit Duo Premium 340g\"}]},{\"@type\":\"WebSite\",\"@id\":\"https:\/\/moikacoffee.com\/#website\",\"url\":\"https:\/\/moikacoffee.com\/\",\"name\":\"MOIKA | Colombian Specialty Coffee\",\"description\":\"Somos el sitio para amantes del buen caf\u00e9. Producimos caf\u00e9 de especialidad 100% colombiano y promovemos el consumo sostenible y de calidad.\",\"publisher\":{\"@id\":\"https:\/\/moikacoffee.com\/#organization\"},\"potentialAction\":[{\"@type\":\"SearchAction\",\"target\":{\"@type\":\"EntryPoint\",\"urlTemplate\":\"https:\/\/moikacoffee.com\/?s={search_term_string}\"},\"query-input\":{\"@type\":\"PropertyValueSpecification\",\"valueRequired\":true,\"valueName\":\"search_term_string\"}}],\"inLanguage\":\"en-US\"},{\"@type\":\"Organization\",\"@id\":\"https:\/\/moikacoffee.com\/#organization\",\"name\":\"MOIKA | Colombian Specialty Coffee\",\"url\":\"https:\/\/moikacoffee.com\/\",\"logo\":{\"@type\":\"ImageObject\",\"inLanguage\":\"en-US\",\"@id\":\"https:\/\/moikacoffee.com\/#\/schema\/logo\/image\/\",\"url\":\"https:\/\/moikacoffee.com\/wp-content\/uploads\/2025\/01\/cropped-Logo-Moika.webp\",\"contentUrl\":\"https:\/\/moikacoffee.com\/wp-content\/uploads\/2025\/01\/cropped-Logo-Moika.webp\",\"width\":1000,\"height\":999,\"caption\":\"MOIKA | Colombian Specialty Coffee\"},\"image\":{\"@id\":\"https:\/\/moikacoffee.com\/#\/schema\/logo\/image\/\"}}]}<\/script>\n<!-- \/ Yoast SEO plugin. -->","yoast_head_json":{"title":"Kit Duo Premium 340g - MOIKA | Colombian Specialty Coffee","robots":{"index":"index","follow":"follow","max-snippet":"max-snippet:-1","max-image-preview":"max-image-preview:large","max-video-preview":"max-video-preview:-1"},"canonical":"https:\/\/moikacoffee.com\/en\/product\/moika-coffee-premium-duo-pack\/","og_locale":"en_US","og_type":"article","og_title":"Kit Duo Premium 340g - MOIKA | Colombian Specialty Coffee","og_description":"Caf\u00e9 ar\u00e1bico 100% colombiano | Variedad: Castillo | Perfil de Taza: Acidez media y cuerpo cremoso. | Notas de Sabor: Fruta c\u00edtr\u00edca, floral y miel | Tosti\u00f3n:\u00a0Media  Disponible en grano y molido.","og_url":"https:\/\/moikacoffee.com\/en\/product\/moika-coffee-premium-duo-pack\/","og_site_name":"MOIKA | Colombian Specialty Coffee","article_modified_time":"2026-04-17T02:14:52+00:00","og_image":[{"width":1024,"height":1024,"url":"https:\/\/moikacoffee.com\/wp-content\/uploads\/2023\/11\/Duo-pack-cafe-premium-2-colombia-coffee-1-1024x1024.png","type":"image\/png"}],"twitter_card":"summary_large_image","twitter_misc":{"Est. reading time":"1 minute"},"schema":{"@context":"https:\/\/schema.org","@graph":[{"@type":"WebPage","@id":"https:\/\/moikacoffee.com\/producto\/duo-pack-premium-moika-coffee\/","url":"https:\/\/moikacoffee.com\/producto\/duo-pack-premium-moika-coffee\/","name":"Kit Duo Premium 340g - MOIKA | Colombian Specialty Coffee","isPartOf":{"@id":"https:\/\/moikacoffee.com\/#website"},"primaryImageOfPage":{"@id":"https:\/\/moikacoffee.com\/producto\/duo-pack-premium-moika-coffee\/#primaryimage"},"image":{"@id":"https:\/\/moikacoffee.com\/producto\/duo-pack-premium-moika-coffee\/#primaryimage"},"thumbnailUrl":"https:\/\/moikacoffee.com\/wp-content\/uploads\/2023\/11\/Duo-pack-cafe-premium-2-colombia-coffee-1.png","datePublished":"2023-11-24T00:26:56+00:00","dateModified":"2026-04-17T02:14:52+00:00","breadcrumb":{"@id":"https:\/\/moikacoffee.com\/producto\/duo-pack-premium-moika-coffee\/#breadcrumb"},"inLanguage":"en-US","potentialAction":[{"@type":"ReadAction","target":["https:\/\/moikacoffee.com\/producto\/duo-pack-premium-moika-coffee\/"]}]},{"@type":"ImageObject","inLanguage":"en-US","@id":"https:\/\/moikacoffee.com\/producto\/duo-pack-premium-moika-coffee\/#primaryimage","url":"https:\/\/moikacoffee.com\/wp-content\/uploads\/2023\/11\/Duo-pack-cafe-premium-2-colombia-coffee-1.png","contentUrl":"https:\/\/moikacoffee.com\/wp-content\/uploads\/2023\/11\/Duo-pack-cafe-premium-2-colombia-coffee-1.png","width":1500,"height":1500,"caption":"Duo Premium Coffee"},{"@type":"BreadcrumbList","@id":"https:\/\/moikacoffee.com\/producto\/duo-pack-premium-moika-coffee\/#breadcrumb","itemListElement":[{"@type":"ListItem","position":1,"name":"Home","item":"https:\/\/moikacoffee.com\/"},{"@type":"ListItem","position":2,"name":"Comprar","item":"https:\/\/moikacoffee.com\/tienda-en-linea\/"},{"@type":"ListItem","position":3,"name":"Kit Duo Premium 340g"}]},{"@type":"WebSite","@id":"https:\/\/moikacoffee.com\/#website","url":"https:\/\/moikacoffee.com\/","name":"MOIKA | Colombian Specialty Coffee","description":"Somos el sitio para amantes del buen caf\u00e9. Producimos caf\u00e9 de especialidad 100% colombiano y promovemos el consumo sostenible y de calidad.","publisher":{"@id":"https:\/\/moikacoffee.com\/#organization"},"potentialAction":[{"@type":"SearchAction","target":{"@type":"EntryPoint","urlTemplate":"https:\/\/moikacoffee.com\/?s={search_term_string}"},"query-input":{"@type":"PropertyValueSpecification","valueRequired":true,"valueName":"search_term_string"}}],"inLanguage":"en-US"},{"@type":"Organization","@id":"https:\/\/moikacoffee.com\/#organization","name":"MOIKA | Colombian Specialty Coffee","url":"https:\/\/moikacoffee.com\/","logo":{"@type":"ImageObject","inLanguage":"en-US","@id":"https:\/\/moikacoffee.com\/#\/schema\/logo\/image\/","url":"https:\/\/moikacoffee.com\/wp-content\/uploads\/2025\/01\/cropped-Logo-Moika.webp","contentUrl":"https:\/\/moikacoffee.com\/wp-content\/uploads\/2025\/01\/cropped-Logo-Moika.webp","width":1000,"height":999,"caption":"MOIKA | Colombian Specialty Coffee"},"image":{"@id":"https:\/\/moikacoffee.com\/#\/schema\/logo\/image\/"}}]}},"_links":{"self":[{"href":"https:\/\/moikacoffee.com\/en\/wp-json\/wp\/v2\/product\/28211","targetHints":{"allow":["GET"]}}],"collection":[{"href":"https:\/\/moikacoffee.com\/en\/wp-json\/wp\/v2\/product"}],"about":[{"href":"https:\/\/moikacoffee.com\/en\/wp-json\/wp\/v2\/types\/product"}],"replies":[{"embeddable":true,"href":"https:\/\/moikacoffee.com\/en\/wp-json\/wp\/v2\/comments?post=28211"}],"version-history":[{"count":6,"href":"https:\/\/moikacoffee.com\/en\/wp-json\/wp\/v2\/product\/28211\/revisions"}],"predecessor-version":[{"id":30520,"href":"https:\/\/moikacoffee.com\/en\/wp-json\/wp\/v2\/product\/28211\/revisions\/30520"}],"wp:featuredmedia":[{"embeddable":true,"href":"https:\/\/moikacoffee.com\/en\/wp-json\/wp\/v2\/media\/28552"}],"wp:attachment":[{"href":"https:\/\/moikacoffee.com\/en\/wp-json\/wp\/v2\/media?parent=28211"}],"wp:term":[{"taxonomy":"product_cat","embeddable":true,"href":"https:\/\/moikacoffee.com\/en\/wp-json\/wp\/v2\/product_cat?post=28211"},{"taxonomy":"product_tag","embeddable":true,"href":"https:\/\/moikacoffee.com\/en\/wp-json\/wp\/v2\/product_tag?post=28211"}],"curies":[{"name":"wp","href":"https:\/\/api.w.org\/{rel}","templated":true}]}}