{"id":28125,"date":"2023-10-25T22:41:26","date_gmt":"2023-10-25T22:41:26","guid":{"rendered":"http:\/\/moikacoffee.com\/?post_type=product&#038;p=28125"},"modified":"2025-01-06T19:00:24","modified_gmt":"2025-01-07T00:00:24","slug":"cafetera-moka-italiana-grosche-blanca","status":"publish","type":"product","link":"https:\/\/moikacoffee.com\/en\/product\/italian-moka-coffee-maker-grosche-white\/","title":{"rendered":"Moka Italian white stovetop coffee maker, 6 cups - GROSCHE"},"content":{"rendered":"<p>The Moka espresso maker is a versatile, easy-to-use coffee machine designed to bring the delicious art of barista-style coffee directly to your home. Available in 6 cups.<\/p>\n<p>This appliance adapts to a variety of cooking environments and works perfectly on gas and electric stoves, as well as propane camp stoves. It can even be used on glass-top induction cooktops, although it heats more slowly due to the absence of magnetic induction.<\/p>\n<p>The Moka coffee maker allows you to prepare a low-pressure espresso on the stovetop or a Moka coffee right at home. Take your coffee experience to the next level by adding steamed or frothed milk for latte or cappuccino. The stovetop with electric coffee maker is enhanced with a premium silicone gasket, which uses the standard gasket size of a 6-cup stovetop espresso maker for added convenience.<\/p>\n<p>The Moka coffee maker is not only known for its functionality, but also stands out in terms of style. With a silicone gasket and a variety of attractive colors and designs, it is the ideal home espresso machine for coffee lovers. Experiment with your favorite coffee blends and enjoy the delicious results in double-walled glass espresso cups.<\/p>\n<p>In short, the Moka espresso maker is the epitome of simplicity and sophistication, offering a convenient and safe way to enjoy expertly brewed espresso and Moka coffee at home. Enhance your coffee experience with this elegant, versatile and safety-conscious coffee maker.<\/p>","protected":false},"excerpt":{"rendered":"<p>The Moka Espresso machine offers the perfect combination of convenience and quality. Create barista-worthy espresso and rich Moka coffee at home. Suitable for gas and electric stoves, it is easy to use and safe with an Italian safety valve. Enhance your coffee experience with this stylish and versatile coffee maker. Color White.<\/p>","protected":false},"featured_media":28129,"comment_status":"open","ping_status":"closed","template":"","meta":{"inline_featured_image":false},"product_cat":[84],"product_tag":[],"class_list":{"0":"post-28125","1":"product","2":"type-product","3":"status-publish","4":"has-post-thumbnail","6":"product_cat-herramientas-para-cafe-utensilios","8":"first","9":"instock","10":"sale","11":"shipping-taxable","12":"purchasable","13":"product-type-simple"},"yoast_head":"<!-- This site is optimized with the Yoast SEO plugin v25.8 - https:\/\/yoast.com\/wordpress\/plugins\/seo\/ -->\n<title>Cafetera Moka Italiana blanca para estufa, 6 tazas \u2013 GROSCHE - MOIKA | Colombian Specialty Coffee<\/title>\n<meta name=\"robots\" content=\"index, follow, max-snippet:-1, max-image-preview:large, max-video-preview:-1\" \/>\n<link rel=\"canonical\" href=\"https:\/\/moikacoffee.com\/en\/product\/italian-moka-coffee-maker-grosche-white\/\" \/>\n<meta property=\"og:locale\" content=\"en_US\" \/>\n<meta property=\"og:type\" content=\"article\" \/>\n<meta property=\"og:title\" content=\"Cafetera Moka Italiana blanca para estufa, 6 tazas \u2013 GROSCHE - MOIKA | Colombian Specialty Coffee\" \/>\n<meta property=\"og:description\" content=\"La cafetera espresso Moka Espresso \u00a0ofrece la combinaci\u00f3n perfecta de comodidad y calidad. Crea un espresso digno de un barista y un rico caf\u00e9 Moka en casa. Apto para estufas de gas y el\u00e9ctricas, es f\u00e1cil de usar y seguro con una v\u00e1lvula de seguridad italiana. Mejore su experiencia cafetera con esta cafetera elegante y vers\u00e1til. Color Blanca.\" \/>\n<meta property=\"og:url\" content=\"https:\/\/moikacoffee.com\/en\/product\/italian-moka-coffee-maker-grosche-white\/\" \/>\n<meta property=\"og:site_name\" content=\"MOIKA | Colombian Specialty Coffee\" \/>\n<meta property=\"article:modified_time\" content=\"2025-01-07T00:00:24+00:00\" \/>\n<meta property=\"og:image\" content=\"https:\/\/moikacoffee.com\/wp-content\/uploads\/2023\/10\/moka-milano-grosche-espresso-coffee-jpg.webp\" \/>\n\t<meta property=\"og:image:width\" content=\"1499\" \/>\n\t<meta property=\"og:image:height\" content=\"1500\" \/>\n\t<meta property=\"og:image:type\" content=\"image\/jpeg\" \/>\n<meta name=\"twitter:card\" content=\"summary_large_image\" \/>\n<meta name=\"twitter:label1\" content=\"Est. reading time\" \/>\n\t<meta name=\"twitter:data1\" content=\"2 minutes\" \/>\n<script type=\"application\/ld+json\" class=\"yoast-schema-graph\">{\"@context\":\"https:\/\/schema.org\",\"@graph\":[{\"@type\":\"WebPage\",\"@id\":\"https:\/\/moikacoffee.com\/producto\/cafetera-moka-italiana-grosche-blanca\/\",\"url\":\"https:\/\/moikacoffee.com\/producto\/cafetera-moka-italiana-grosche-blanca\/\",\"name\":\"Cafetera Moka Italiana blanca para estufa, 6 tazas \u2013 GROSCHE - MOIKA | Colombian Specialty Coffee\",\"isPartOf\":{\"@id\":\"https:\/\/moikacoffee.com\/#website\"},\"primaryImageOfPage\":{\"@id\":\"https:\/\/moikacoffee.com\/producto\/cafetera-moka-italiana-grosche-blanca\/#primaryimage\"},\"image\":{\"@id\":\"https:\/\/moikacoffee.com\/producto\/cafetera-moka-italiana-grosche-blanca\/#primaryimage\"},\"thumbnailUrl\":\"https:\/\/moikacoffee.com\/wp-content\/uploads\/2023\/10\/moka-milano-grosche-espresso-coffee-jpg.webp\",\"datePublished\":\"2023-10-25T22:41:26+00:00\",\"dateModified\":\"2025-01-07T00:00:24+00:00\",\"breadcrumb\":{\"@id\":\"https:\/\/moikacoffee.com\/producto\/cafetera-moka-italiana-grosche-blanca\/#breadcrumb\"},\"inLanguage\":\"en-US\",\"potentialAction\":[{\"@type\":\"ReadAction\",\"target\":[\"https:\/\/moikacoffee.com\/producto\/cafetera-moka-italiana-grosche-blanca\/\"]}]},{\"@type\":\"ImageObject\",\"inLanguage\":\"en-US\",\"@id\":\"https:\/\/moikacoffee.com\/producto\/cafetera-moka-italiana-grosche-blanca\/#primaryimage\",\"url\":\"https:\/\/moikacoffee.com\/wp-content\/uploads\/2023\/10\/moka-milano-grosche-espresso-coffee-jpg.webp\",\"contentUrl\":\"https:\/\/moikacoffee.com\/wp-content\/uploads\/2023\/10\/moka-milano-grosche-espresso-coffee-jpg.webp\",\"width\":1499,\"height\":1500,\"caption\":\"GROSCHE Moka\"},{\"@type\":\"BreadcrumbList\",\"@id\":\"https:\/\/moikacoffee.com\/producto\/cafetera-moka-italiana-grosche-blanca\/#breadcrumb\",\"itemListElement\":[{\"@type\":\"ListItem\",\"position\":1,\"name\":\"Home\",\"item\":\"https:\/\/moikacoffee.com\/\"},{\"@type\":\"ListItem\",\"position\":2,\"name\":\"Comprar\",\"item\":\"https:\/\/moikacoffee.com\/tienda-en-linea\/\"},{\"@type\":\"ListItem\",\"position\":3,\"name\":\"Cafetera Moka Italiana blanca para estufa, 6 tazas \u2013 GROSCHE\"}]},{\"@type\":\"WebSite\",\"@id\":\"https:\/\/moikacoffee.com\/#website\",\"url\":\"https:\/\/moikacoffee.com\/\",\"name\":\"MOIKA | Colombian Specialty Coffee\",\"description\":\"Somos el sitio para amantes del buen caf\u00e9. Producimos caf\u00e9 de especialidad 100% colombiano y promovemos el consumo sostenible y de calidad.\",\"publisher\":{\"@id\":\"https:\/\/moikacoffee.com\/#organization\"},\"potentialAction\":[{\"@type\":\"SearchAction\",\"target\":{\"@type\":\"EntryPoint\",\"urlTemplate\":\"https:\/\/moikacoffee.com\/?s={search_term_string}\"},\"query-input\":{\"@type\":\"PropertyValueSpecification\",\"valueRequired\":true,\"valueName\":\"search_term_string\"}}],\"inLanguage\":\"en-US\"},{\"@type\":\"Organization\",\"@id\":\"https:\/\/moikacoffee.com\/#organization\",\"name\":\"MOIKA | Colombian Specialty Coffee\",\"url\":\"https:\/\/moikacoffee.com\/\",\"logo\":{\"@type\":\"ImageObject\",\"inLanguage\":\"en-US\",\"@id\":\"https:\/\/moikacoffee.com\/#\/schema\/logo\/image\/\",\"url\":\"https:\/\/moikacoffee.com\/wp-content\/uploads\/2025\/01\/cropped-Logo-Moika.webp\",\"contentUrl\":\"https:\/\/moikacoffee.com\/wp-content\/uploads\/2025\/01\/cropped-Logo-Moika.webp\",\"width\":1000,\"height\":999,\"caption\":\"MOIKA | Colombian Specialty Coffee\"},\"image\":{\"@id\":\"https:\/\/moikacoffee.com\/#\/schema\/logo\/image\/\"}}]}<\/script>\n<!-- \/ Yoast SEO plugin. -->","yoast_head_json":{"title":"Cafetera Moka Italiana blanca para estufa, 6 tazas \u2013 GROSCHE - MOIKA | Colombian Specialty Coffee","robots":{"index":"index","follow":"follow","max-snippet":"max-snippet:-1","max-image-preview":"max-image-preview:large","max-video-preview":"max-video-preview:-1"},"canonical":"https:\/\/moikacoffee.com\/en\/product\/italian-moka-coffee-maker-grosche-white\/","og_locale":"en_US","og_type":"article","og_title":"Cafetera Moka Italiana blanca para estufa, 6 tazas \u2013 GROSCHE - MOIKA | Colombian Specialty Coffee","og_description":"La cafetera espresso Moka Espresso \u00a0ofrece la combinaci\u00f3n perfecta de comodidad y calidad. Crea un espresso digno de un barista y un rico caf\u00e9 Moka en casa. Apto para estufas de gas y el\u00e9ctricas, es f\u00e1cil de usar y seguro con una v\u00e1lvula de seguridad italiana. Mejore su experiencia cafetera con esta cafetera elegante y vers\u00e1til. Color Blanca.","og_url":"https:\/\/moikacoffee.com\/en\/product\/italian-moka-coffee-maker-grosche-white\/","og_site_name":"MOIKA | Colombian Specialty Coffee","article_modified_time":"2025-01-07T00:00:24+00:00","og_image":[{"width":1499,"height":1500,"url":"https:\/\/moikacoffee.com\/wp-content\/uploads\/2023\/10\/moka-milano-grosche-espresso-coffee-jpg.webp","type":"image\/jpeg"}],"twitter_card":"summary_large_image","twitter_misc":{"Est. reading time":"2 minutes"},"schema":{"@context":"https:\/\/schema.org","@graph":[{"@type":"WebPage","@id":"https:\/\/moikacoffee.com\/producto\/cafetera-moka-italiana-grosche-blanca\/","url":"https:\/\/moikacoffee.com\/producto\/cafetera-moka-italiana-grosche-blanca\/","name":"Cafetera Moka Italiana blanca para estufa, 6 tazas \u2013 GROSCHE - MOIKA | Colombian Specialty Coffee","isPartOf":{"@id":"https:\/\/moikacoffee.com\/#website"},"primaryImageOfPage":{"@id":"https:\/\/moikacoffee.com\/producto\/cafetera-moka-italiana-grosche-blanca\/#primaryimage"},"image":{"@id":"https:\/\/moikacoffee.com\/producto\/cafetera-moka-italiana-grosche-blanca\/#primaryimage"},"thumbnailUrl":"https:\/\/moikacoffee.com\/wp-content\/uploads\/2023\/10\/moka-milano-grosche-espresso-coffee-jpg.webp","datePublished":"2023-10-25T22:41:26+00:00","dateModified":"2025-01-07T00:00:24+00:00","breadcrumb":{"@id":"https:\/\/moikacoffee.com\/producto\/cafetera-moka-italiana-grosche-blanca\/#breadcrumb"},"inLanguage":"en-US","potentialAction":[{"@type":"ReadAction","target":["https:\/\/moikacoffee.com\/producto\/cafetera-moka-italiana-grosche-blanca\/"]}]},{"@type":"ImageObject","inLanguage":"en-US","@id":"https:\/\/moikacoffee.com\/producto\/cafetera-moka-italiana-grosche-blanca\/#primaryimage","url":"https:\/\/moikacoffee.com\/wp-content\/uploads\/2023\/10\/moka-milano-grosche-espresso-coffee-jpg.webp","contentUrl":"https:\/\/moikacoffee.com\/wp-content\/uploads\/2023\/10\/moka-milano-grosche-espresso-coffee-jpg.webp","width":1499,"height":1500,"caption":"GROSCHE Moka"},{"@type":"BreadcrumbList","@id":"https:\/\/moikacoffee.com\/producto\/cafetera-moka-italiana-grosche-blanca\/#breadcrumb","itemListElement":[{"@type":"ListItem","position":1,"name":"Home","item":"https:\/\/moikacoffee.com\/"},{"@type":"ListItem","position":2,"name":"Comprar","item":"https:\/\/moikacoffee.com\/tienda-en-linea\/"},{"@type":"ListItem","position":3,"name":"Cafetera Moka Italiana blanca para estufa, 6 tazas \u2013 GROSCHE"}]},{"@type":"WebSite","@id":"https:\/\/moikacoffee.com\/#website","url":"https:\/\/moikacoffee.com\/","name":"MOIKA | Colombian Specialty Coffee","description":"Somos el sitio para amantes del buen caf\u00e9. Producimos caf\u00e9 de especialidad 100% colombiano y promovemos el consumo sostenible y de calidad.","publisher":{"@id":"https:\/\/moikacoffee.com\/#organization"},"potentialAction":[{"@type":"SearchAction","target":{"@type":"EntryPoint","urlTemplate":"https:\/\/moikacoffee.com\/?s={search_term_string}"},"query-input":{"@type":"PropertyValueSpecification","valueRequired":true,"valueName":"search_term_string"}}],"inLanguage":"en-US"},{"@type":"Organization","@id":"https:\/\/moikacoffee.com\/#organization","name":"MOIKA | Colombian Specialty Coffee","url":"https:\/\/moikacoffee.com\/","logo":{"@type":"ImageObject","inLanguage":"en-US","@id":"https:\/\/moikacoffee.com\/#\/schema\/logo\/image\/","url":"https:\/\/moikacoffee.com\/wp-content\/uploads\/2025\/01\/cropped-Logo-Moika.webp","contentUrl":"https:\/\/moikacoffee.com\/wp-content\/uploads\/2025\/01\/cropped-Logo-Moika.webp","width":1000,"height":999,"caption":"MOIKA | Colombian Specialty Coffee"},"image":{"@id":"https:\/\/moikacoffee.com\/#\/schema\/logo\/image\/"}}]}},"_links":{"self":[{"href":"https:\/\/moikacoffee.com\/en\/wp-json\/wp\/v2\/product\/28125","targetHints":{"allow":["GET"]}}],"collection":[{"href":"https:\/\/moikacoffee.com\/en\/wp-json\/wp\/v2\/product"}],"about":[{"href":"https:\/\/moikacoffee.com\/en\/wp-json\/wp\/v2\/types\/product"}],"replies":[{"embeddable":true,"href":"https:\/\/moikacoffee.com\/en\/wp-json\/wp\/v2\/comments?post=28125"}],"version-history":[{"count":3,"href":"https:\/\/moikacoffee.com\/en\/wp-json\/wp\/v2\/product\/28125\/revisions"}],"predecessor-version":[{"id":30541,"href":"https:\/\/moikacoffee.com\/en\/wp-json\/wp\/v2\/product\/28125\/revisions\/30541"}],"wp:featuredmedia":[{"embeddable":true,"href":"https:\/\/moikacoffee.com\/en\/wp-json\/wp\/v2\/media\/28129"}],"wp:attachment":[{"href":"https:\/\/moikacoffee.com\/en\/wp-json\/wp\/v2\/media?parent=28125"}],"wp:term":[{"taxonomy":"product_cat","embeddable":true,"href":"https:\/\/moikacoffee.com\/en\/wp-json\/wp\/v2\/product_cat?post=28125"},{"taxonomy":"product_tag","embeddable":true,"href":"https:\/\/moikacoffee.com\/en\/wp-json\/wp\/v2\/product_tag?post=28125"}],"curies":[{"name":"wp","href":"https:\/\/api.w.org\/{rel}","templated":true}]}}