{"id":27819,"date":"2023-10-01T15:04:52","date_gmt":"2023-10-01T15:04:52","guid":{"rendered":"http:\/\/moikacoffee.com\/?post_type=product&#038;p=27819"},"modified":"2026-01-11T14:51:52","modified_gmt":"2026-01-11T19:51:52","slug":"cuchara-medidora-con-clip","status":"publish","type":"product","link":"https:\/\/moikacoffee.com\/en\/product\/measuring-spoon-with-clip\/","title":{"rendered":"Measuring Spoon with Stainless Steel Clip"},"content":{"rendered":"<p>This measuring spoon with clip is very convenient, useful and has beautiful colors. It will allow you to keep your coffee fresh for longer and to know the perfect measure to prepare a delicious coffee.<\/p>\n<p>Measurements: 19 cm x 4 cm (+\/- 2cm)<\/p>\n<p>Capacity: 1 tablespoon 15 grams.<\/p>\n<p>&nbsp;<\/p>","protected":false},"excerpt":{"rendered":"<p>2 in 1 design: Can be used as a measuring spoon and as a clip to close the coffee bag. A perfect gift for the good coffee lover.<\/p>\n<p>Available colors: black, gold, rose gold, silver and iridescent.<\/p>","protected":false},"featured_media":27821,"comment_status":"open","ping_status":"closed","template":"","meta":{"inline_featured_image":false},"product_cat":[84],"product_tag":[],"class_list":{"0":"post-27819","1":"product","2":"type-product","3":"status-publish","4":"has-post-thumbnail","6":"product_cat-herramientas-para-cafe-utensilios","8":"first","9":"instock","10":"sale","11":"shipping-taxable","12":"purchasable","13":"product-type-variable"},"yoast_head":"<!-- This site is optimized with the Yoast SEO plugin v25.8 - https:\/\/yoast.com\/wordpress\/plugins\/seo\/ -->\n<title>Cuchara medidora con Clip de acero inoxidable<\/title>\n<meta name=\"robots\" content=\"index, follow, max-snippet:-1, max-image-preview:large, max-video-preview:-1\" \/>\n<link rel=\"canonical\" href=\"https:\/\/moikacoffee.com\/en\/product\/measuring-spoon-with-clip\/\" \/>\n<meta property=\"og:locale\" content=\"en_US\" \/>\n<meta property=\"og:type\" content=\"article\" \/>\n<meta property=\"og:title\" content=\"Cuchara medidora con Clip de acero inoxidable\" \/>\n<meta property=\"og:description\" content=\"Dise\u00f1o 2 en 1: Se puede utilizar como cuchara dosificadora y como clip para cerrar la bolsa de caf\u00e9. Un regalo perfecto para el amante del buen caf\u00e9.  Colores disponibles: Negro, dorado, oro rosa, plateado y tornasol.\" \/>\n<meta property=\"og:url\" content=\"https:\/\/moikacoffee.com\/en\/product\/measuring-spoon-with-clip\/\" \/>\n<meta property=\"og:site_name\" content=\"MOIKA | Colombian Specialty Coffee\" \/>\n<meta property=\"article:modified_time\" content=\"2026-01-11T19:51:52+00:00\" \/>\n<meta property=\"og:image\" content=\"https:\/\/moikacoffee.com\/wp-content\/uploads\/2023\/10\/Cuchara-medidora-clip-para-cafe-negro-oro-rosa.jpg\" \/>\n\t<meta property=\"og:image:width\" content=\"1500\" \/>\n\t<meta property=\"og:image:height\" content=\"1500\" \/>\n\t<meta property=\"og:image:type\" content=\"image\/jpeg\" \/>\n<meta name=\"twitter:card\" content=\"summary_large_image\" \/>\n<meta name=\"twitter:label1\" content=\"Est. reading time\" \/>\n\t<meta name=\"twitter:data1\" content=\"1 minute\" \/>\n<script type=\"application\/ld+json\" class=\"yoast-schema-graph\">{\"@context\":\"https:\/\/schema.org\",\"@graph\":[{\"@type\":\"WebPage\",\"@id\":\"https:\/\/moikacoffee.com\/producto\/cuchara-medidora-con-clip\/\",\"url\":\"https:\/\/moikacoffee.com\/producto\/cuchara-medidora-con-clip\/\",\"name\":\"Cuchara medidora con Clip de acero inoxidable\",\"isPartOf\":{\"@id\":\"https:\/\/moikacoffee.com\/#website\"},\"primaryImageOfPage\":{\"@id\":\"https:\/\/moikacoffee.com\/producto\/cuchara-medidora-con-clip\/#primaryimage\"},\"image\":{\"@id\":\"https:\/\/moikacoffee.com\/producto\/cuchara-medidora-con-clip\/#primaryimage\"},\"thumbnailUrl\":\"https:\/\/moikacoffee.com\/wp-content\/uploads\/2023\/10\/Cuchara-medidora-clip-para-cafe-negro-oro-rosa.webp\",\"datePublished\":\"2023-10-01T15:04:52+00:00\",\"dateModified\":\"2026-01-11T19:51:52+00:00\",\"breadcrumb\":{\"@id\":\"https:\/\/moikacoffee.com\/producto\/cuchara-medidora-con-clip\/#breadcrumb\"},\"inLanguage\":\"en-US\",\"potentialAction\":[{\"@type\":\"ReadAction\",\"target\":[\"https:\/\/moikacoffee.com\/producto\/cuchara-medidora-con-clip\/\"]}]},{\"@type\":\"ImageObject\",\"inLanguage\":\"en-US\",\"@id\":\"https:\/\/moikacoffee.com\/producto\/cuchara-medidora-con-clip\/#primaryimage\",\"url\":\"https:\/\/moikacoffee.com\/wp-content\/uploads\/2023\/10\/Cuchara-medidora-clip-para-cafe-negro-oro-rosa.webp\",\"contentUrl\":\"https:\/\/moikacoffee.com\/wp-content\/uploads\/2023\/10\/Cuchara-medidora-clip-para-cafe-negro-oro-rosa.webp\",\"width\":1500,\"height\":1500,\"caption\":\"cuchara medidora para caf\u00e9\"},{\"@type\":\"BreadcrumbList\",\"@id\":\"https:\/\/moikacoffee.com\/producto\/cuchara-medidora-con-clip\/#breadcrumb\",\"itemListElement\":[{\"@type\":\"ListItem\",\"position\":1,\"name\":\"Home\",\"item\":\"https:\/\/moikacoffee.com\/\"},{\"@type\":\"ListItem\",\"position\":2,\"name\":\"Comprar\",\"item\":\"https:\/\/moikacoffee.com\/tienda-en-linea\/\"},{\"@type\":\"ListItem\",\"position\":3,\"name\":\"Cuchara medidora con Clip de acero inoxidable\"}]},{\"@type\":\"WebSite\",\"@id\":\"https:\/\/moikacoffee.com\/#website\",\"url\":\"https:\/\/moikacoffee.com\/\",\"name\":\"MOIKA | Colombian Specialty Coffee\",\"description\":\"Somos el sitio para amantes del buen caf\u00e9. Producimos caf\u00e9 de especialidad 100% colombiano y promovemos el consumo sostenible y de calidad.\",\"publisher\":{\"@id\":\"https:\/\/moikacoffee.com\/#organization\"},\"potentialAction\":[{\"@type\":\"SearchAction\",\"target\":{\"@type\":\"EntryPoint\",\"urlTemplate\":\"https:\/\/moikacoffee.com\/?s={search_term_string}\"},\"query-input\":{\"@type\":\"PropertyValueSpecification\",\"valueRequired\":true,\"valueName\":\"search_term_string\"}}],\"inLanguage\":\"en-US\"},{\"@type\":\"Organization\",\"@id\":\"https:\/\/moikacoffee.com\/#organization\",\"name\":\"MOIKA | Colombian Specialty Coffee\",\"url\":\"https:\/\/moikacoffee.com\/\",\"logo\":{\"@type\":\"ImageObject\",\"inLanguage\":\"en-US\",\"@id\":\"https:\/\/moikacoffee.com\/#\/schema\/logo\/image\/\",\"url\":\"https:\/\/moikacoffee.com\/wp-content\/uploads\/2025\/01\/cropped-Logo-Moika.webp\",\"contentUrl\":\"https:\/\/moikacoffee.com\/wp-content\/uploads\/2025\/01\/cropped-Logo-Moika.webp\",\"width\":1000,\"height\":999,\"caption\":\"MOIKA | Colombian Specialty Coffee\"},\"image\":{\"@id\":\"https:\/\/moikacoffee.com\/#\/schema\/logo\/image\/\"}}]}<\/script>\n<!-- \/ Yoast SEO plugin. -->","yoast_head_json":{"title":"Cuchara medidora con Clip de acero inoxidable","robots":{"index":"index","follow":"follow","max-snippet":"max-snippet:-1","max-image-preview":"max-image-preview:large","max-video-preview":"max-video-preview:-1"},"canonical":"https:\/\/moikacoffee.com\/en\/product\/measuring-spoon-with-clip\/","og_locale":"en_US","og_type":"article","og_title":"Cuchara medidora con Clip de acero inoxidable","og_description":"Dise\u00f1o 2 en 1: Se puede utilizar como cuchara dosificadora y como clip para cerrar la bolsa de caf\u00e9. Un regalo perfecto para el amante del buen caf\u00e9.  Colores disponibles: Negro, dorado, oro rosa, plateado y tornasol.","og_url":"https:\/\/moikacoffee.com\/en\/product\/measuring-spoon-with-clip\/","og_site_name":"MOIKA | Colombian Specialty Coffee","article_modified_time":"2026-01-11T19:51:52+00:00","og_image":[{"width":1500,"height":1500,"url":"https:\/\/moikacoffee.com\/wp-content\/uploads\/2023\/10\/Cuchara-medidora-clip-para-cafe-negro-oro-rosa.jpg","type":"image\/jpeg"}],"twitter_card":"summary_large_image","twitter_misc":{"Est. reading time":"1 minute"},"schema":{"@context":"https:\/\/schema.org","@graph":[{"@type":"WebPage","@id":"https:\/\/moikacoffee.com\/producto\/cuchara-medidora-con-clip\/","url":"https:\/\/moikacoffee.com\/producto\/cuchara-medidora-con-clip\/","name":"Cuchara medidora con Clip de acero inoxidable","isPartOf":{"@id":"https:\/\/moikacoffee.com\/#website"},"primaryImageOfPage":{"@id":"https:\/\/moikacoffee.com\/producto\/cuchara-medidora-con-clip\/#primaryimage"},"image":{"@id":"https:\/\/moikacoffee.com\/producto\/cuchara-medidora-con-clip\/#primaryimage"},"thumbnailUrl":"https:\/\/moikacoffee.com\/wp-content\/uploads\/2023\/10\/Cuchara-medidora-clip-para-cafe-negro-oro-rosa.webp","datePublished":"2023-10-01T15:04:52+00:00","dateModified":"2026-01-11T19:51:52+00:00","breadcrumb":{"@id":"https:\/\/moikacoffee.com\/producto\/cuchara-medidora-con-clip\/#breadcrumb"},"inLanguage":"en-US","potentialAction":[{"@type":"ReadAction","target":["https:\/\/moikacoffee.com\/producto\/cuchara-medidora-con-clip\/"]}]},{"@type":"ImageObject","inLanguage":"en-US","@id":"https:\/\/moikacoffee.com\/producto\/cuchara-medidora-con-clip\/#primaryimage","url":"https:\/\/moikacoffee.com\/wp-content\/uploads\/2023\/10\/Cuchara-medidora-clip-para-cafe-negro-oro-rosa.webp","contentUrl":"https:\/\/moikacoffee.com\/wp-content\/uploads\/2023\/10\/Cuchara-medidora-clip-para-cafe-negro-oro-rosa.webp","width":1500,"height":1500,"caption":"cuchara medidora para caf\u00e9"},{"@type":"BreadcrumbList","@id":"https:\/\/moikacoffee.com\/producto\/cuchara-medidora-con-clip\/#breadcrumb","itemListElement":[{"@type":"ListItem","position":1,"name":"Home","item":"https:\/\/moikacoffee.com\/"},{"@type":"ListItem","position":2,"name":"Comprar","item":"https:\/\/moikacoffee.com\/tienda-en-linea\/"},{"@type":"ListItem","position":3,"name":"Cuchara medidora con Clip de acero inoxidable"}]},{"@type":"WebSite","@id":"https:\/\/moikacoffee.com\/#website","url":"https:\/\/moikacoffee.com\/","name":"MOIKA | Colombian Specialty Coffee","description":"Somos el sitio para amantes del buen caf\u00e9. Producimos caf\u00e9 de especialidad 100% colombiano y promovemos el consumo sostenible y de calidad.","publisher":{"@id":"https:\/\/moikacoffee.com\/#organization"},"potentialAction":[{"@type":"SearchAction","target":{"@type":"EntryPoint","urlTemplate":"https:\/\/moikacoffee.com\/?s={search_term_string}"},"query-input":{"@type":"PropertyValueSpecification","valueRequired":true,"valueName":"search_term_string"}}],"inLanguage":"en-US"},{"@type":"Organization","@id":"https:\/\/moikacoffee.com\/#organization","name":"MOIKA | Colombian Specialty Coffee","url":"https:\/\/moikacoffee.com\/","logo":{"@type":"ImageObject","inLanguage":"en-US","@id":"https:\/\/moikacoffee.com\/#\/schema\/logo\/image\/","url":"https:\/\/moikacoffee.com\/wp-content\/uploads\/2025\/01\/cropped-Logo-Moika.webp","contentUrl":"https:\/\/moikacoffee.com\/wp-content\/uploads\/2025\/01\/cropped-Logo-Moika.webp","width":1000,"height":999,"caption":"MOIKA | Colombian Specialty Coffee"},"image":{"@id":"https:\/\/moikacoffee.com\/#\/schema\/logo\/image\/"}}]}},"_links":{"self":[{"href":"https:\/\/moikacoffee.com\/en\/wp-json\/wp\/v2\/product\/27819","targetHints":{"allow":["GET"]}}],"collection":[{"href":"https:\/\/moikacoffee.com\/en\/wp-json\/wp\/v2\/product"}],"about":[{"href":"https:\/\/moikacoffee.com\/en\/wp-json\/wp\/v2\/types\/product"}],"replies":[{"embeddable":true,"href":"https:\/\/moikacoffee.com\/en\/wp-json\/wp\/v2\/comments?post=27819"}],"version-history":[{"count":4,"href":"https:\/\/moikacoffee.com\/en\/wp-json\/wp\/v2\/product\/27819\/revisions"}],"predecessor-version":[{"id":30526,"href":"https:\/\/moikacoffee.com\/en\/wp-json\/wp\/v2\/product\/27819\/revisions\/30526"}],"wp:featuredmedia":[{"embeddable":true,"href":"https:\/\/moikacoffee.com\/en\/wp-json\/wp\/v2\/media\/27821"}],"wp:attachment":[{"href":"https:\/\/moikacoffee.com\/en\/wp-json\/wp\/v2\/media?parent=27819"}],"wp:term":[{"taxonomy":"product_cat","embeddable":true,"href":"https:\/\/moikacoffee.com\/en\/wp-json\/wp\/v2\/product_cat?post=27819"},{"taxonomy":"product_tag","embeddable":true,"href":"https:\/\/moikacoffee.com\/en\/wp-json\/wp\/v2\/product_tag?post=27819"}],"curies":[{"name":"wp","href":"https:\/\/api.w.org\/{rel}","templated":true}]}}