{"id":2,"date":"2023-06-28T03:00:15","date_gmt":"2023-06-28T03:00:15","guid":{"rendered":"http:\/\/moikacoffee.com\/?page_id=2"},"modified":"2025-01-06T20:14:38","modified_gmt":"2025-01-07T01:14:38","slug":"finca-albacerrada-cafetera-colombiana","status":"publish","type":"page","link":"https:\/\/moikacoffee.com\/en\/albacerrada-colombian-coffee-farm\/","title":{"rendered":"Albacerrada Farm - Sasaima (Colombia)"},"content":{"rendered":"<div data-elementor-type=\"wp-page\" data-elementor-id=\"2\" class=\"elementor elementor-2\" data-elementor-post-type=\"page\">\n\t\t\t\t\t\t<section class=\"elementor-section elementor-top-section elementor-element elementor-element-ee8c57d elementor-section-boxed elementor-section-height-default elementor-section-height-default\" data-id=\"ee8c57d\" data-element_type=\"section\">\n\t\t\t\t\t\t<div class=\"elementor-container elementor-column-gap-default\">\n\t\t\t\t\t<div class=\"elementor-column elementor-col-100 elementor-top-column elementor-element elementor-element-d6e8495\" data-id=\"d6e8495\" data-element_type=\"column\">\n\t\t\t<div class=\"elementor-widget-wrap elementor-element-populated\">\n\t\t\t\t\t\t<div class=\"elementor-element elementor-element-dce1ffa elementor-widget elementor-widget-image\" data-id=\"dce1ffa\" data-element_type=\"widget\" data-widget_type=\"image.default\">\n\t\t\t\t<div class=\"elementor-widget-container\">\n\t\t\t\t\t\t\t\t\t\t\t\t\t\t\t<img fetchpriority=\"high\" decoding=\"async\" width=\"1800\" height=\"540\" src=\"https:\/\/moikacoffee.com\/wp-content\/uploads\/2023\/10\/finca-Albacerrada.jpg\" class=\"attachment-full size-full wp-image-27987\" alt=\"Albacerrada Farm\" srcset=\"https:\/\/moikacoffee.com\/wp-content\/uploads\/2023\/10\/finca-Albacerrada.jpg 1800w, https:\/\/moikacoffee.com\/wp-content\/uploads\/2023\/10\/finca-Albacerrada-300x90.jpg 300w, https:\/\/moikacoffee.com\/wp-content\/uploads\/2023\/10\/finca-Albacerrada-1024x307.jpg 1024w, https:\/\/moikacoffee.com\/wp-content\/uploads\/2023\/10\/finca-Albacerrada-768x230.jpg 768w, https:\/\/moikacoffee.com\/wp-content\/uploads\/2023\/10\/finca-Albacerrada-1536x461.jpg 1536w, https:\/\/moikacoffee.com\/wp-content\/uploads\/2023\/10\/finca-Albacerrada-600x180.jpg 600w\" sizes=\"(max-width: 1800px) 100vw, 1800px\" \/>\t\t\t\t\t\t\t\t\t\t\t\t\t\t\t<\/div>\n\t\t\t\t<\/div>\n\t\t\t\t<div class=\"elementor-element elementor-element-417a7c9 elementor-widget elementor-widget-text-editor\" data-id=\"417a7c9\" data-element_type=\"widget\" data-widget_type=\"text-editor.default\">\n\t\t\t\t<div class=\"elementor-widget-container\">\n\t\t\t\t\t\t\t\t\t<p>The Albacerrada farm is the place where MOIKA coffee originated. It is located in the municipality of Sasaima, Cundinamarca, Colombia, a region of coffee growing tradition with exceptional conditions: altitude of 1,636 meters above sea level, with an average temperature of 24\u00b0C.<\/p><p>This region called Gualiv\u00e1 produces one of the best coffees in the country.<\/p>\t\t\t\t\t\t\t\t<\/div>\n\t\t\t\t<\/div>\n\t\t\t\t<div class=\"elementor-element elementor-element-ef66a72 elementor-widget elementor-widget-gallery\" data-id=\"ef66a72\" data-element_type=\"widget\" data-settings=\"{&quot;lazyload&quot;:&quot;yes&quot;,&quot;gallery_layout&quot;:&quot;grid&quot;,&quot;columns&quot;:4,&quot;columns_tablet&quot;:2,&quot;columns_mobile&quot;:1,&quot;gap&quot;:{&quot;unit&quot;:&quot;px&quot;,&quot;size&quot;:10,&quot;sizes&quot;:[]},&quot;gap_tablet&quot;:{&quot;unit&quot;:&quot;px&quot;,&quot;size&quot;:10,&quot;sizes&quot;:[]},&quot;gap_mobile&quot;:{&quot;unit&quot;:&quot;px&quot;,&quot;size&quot;:10,&quot;sizes&quot;:[]},&quot;link_to&quot;:&quot;file&quot;,&quot;aspect_ratio&quot;:&quot;3:2&quot;,&quot;overlay_background&quot;:&quot;yes&quot;,&quot;content_hover_animation&quot;:&quot;fade-in&quot;}\" data-widget_type=\"gallery.default\">\n\t\t\t\t<div class=\"elementor-widget-container\">\n\t\t\t\t\t\t\t<div class=\"elementor-gallery__container\">\n\t\t\t\t\t\t\t<a class=\"e-gallery-item elementor-gallery-item elementor-animated-content\" href=\"https:\/\/moikacoffee.com\/wp-content\/uploads\/2023\/10\/Finca-Albacerrada-Sasaima-scaled.jpg\" data-elementor-open-lightbox=\"yes\" data-elementor-lightbox-slideshow=\"ef66a72\" data-elementor-lightbox-title=\"Finca Albacerrada Sasaima\" data-e-action-hash=\"#elementor-action%3Aaction%3Dlightbox%26settings%3DeyJpZCI6Mjc5NjYsInVybCI6Imh0dHBzOlwvXC9tb2lrYWNvZmZlZS5jb21cL3dwLWNvbnRlbnRcL3VwbG9hZHNcLzIwMjNcLzEwXC9GaW5jYS1BbGJhY2VycmFkYS1TYXNhaW1hLXNjYWxlZC5qcGciLCJzbGlkZXNob3ciOiJlZjY2YTcyIn0%3D\">\n\t\t\t\t\t<div class=\"e-gallery-image elementor-gallery-item__image\" data-thumbnail=\"https:\/\/moikacoffee.com\/wp-content\/uploads\/2023\/10\/Finca-Albacerrada-Sasaima-300x225.jpg\" data-width=\"300\" data-height=\"225\" aria-label=\"Albacerrada Farm\" role=\"img\" ><\/div>\n\t\t\t\t\t\t\t\t\t\t\t<div class=\"elementor-gallery-item__overlay\"><\/div>\n\t\t\t\t\t\t\t\t\t\t\t\t\t\t<\/a>\n\t\t\t\t\t\t\t<a class=\"e-gallery-item elementor-gallery-item elementor-animated-content\" href=\"https:\/\/moikacoffee.com\/wp-content\/uploads\/2023\/10\/Finca-Albacerrada-Sasaima-7-scaled.jpg\" data-elementor-open-lightbox=\"yes\" data-elementor-lightbox-slideshow=\"ef66a72\" data-elementor-lightbox-title=\"Finca Albacerrada Sasaima 7\" data-e-action-hash=\"#elementor-action%3Aaction%3Dlightbox%26settings%3DeyJpZCI6Mjc5NzQsInVybCI6Imh0dHBzOlwvXC9tb2lrYWNvZmZlZS5jb21cL3dwLWNvbnRlbnRcL3VwbG9hZHNcLzIwMjNcLzEwXC9GaW5jYS1BbGJhY2VycmFkYS1TYXNhaW1hLTctc2NhbGVkLmpwZyIsInNsaWRlc2hvdyI6ImVmNjZhNzIifQ%3D%3D\">\n\t\t\t\t\t<div class=\"e-gallery-image elementor-gallery-item__image\" data-thumbnail=\"https:\/\/moikacoffee.com\/wp-content\/uploads\/2023\/10\/Finca-Albacerrada-Sasaima-7-225x300.jpg\" data-width=\"225\" data-height=\"300\" aria-label=\"\" role=\"img\" ><\/div>\n\t\t\t\t\t\t\t\t\t\t\t<div class=\"elementor-gallery-item__overlay\"><\/div>\n\t\t\t\t\t\t\t\t\t\t\t\t\t\t<\/a>\n\t\t\t\t\t\t\t<a class=\"e-gallery-item elementor-gallery-item elementor-animated-content\" href=\"https:\/\/moikacoffee.com\/wp-content\/uploads\/2023\/10\/Finca-Albacerrada-Sasaima-4-scaled.jpg\" data-elementor-open-lightbox=\"yes\" data-elementor-lightbox-slideshow=\"ef66a72\" data-elementor-lightbox-title=\"Finca Albacerrada Sasaima 4\" data-e-action-hash=\"#elementor-action%3Aaction%3Dlightbox%26settings%3DeyJpZCI6Mjc5NjUsInVybCI6Imh0dHBzOlwvXC9tb2lrYWNvZmZlZS5jb21cL3dwLWNvbnRlbnRcL3VwbG9hZHNcLzIwMjNcLzEwXC9GaW5jYS1BbGJhY2VycmFkYS1TYXNhaW1hLTQtc2NhbGVkLmpwZyIsInNsaWRlc2hvdyI6ImVmNjZhNzIifQ%3D%3D\">\n\t\t\t\t\t<div class=\"e-gallery-image elementor-gallery-item__image\" data-thumbnail=\"https:\/\/moikacoffee.com\/wp-content\/uploads\/2023\/10\/Finca-Albacerrada-Sasaima-4-300x225.jpg\" data-width=\"300\" data-height=\"225\" aria-label=\"Albacerrada Farm\" role=\"img\" ><\/div>\n\t\t\t\t\t\t\t\t\t\t\t<div class=\"elementor-gallery-item__overlay\"><\/div>\n\t\t\t\t\t\t\t\t\t\t\t\t\t\t<\/a>\n\t\t\t\t\t\t\t<a class=\"e-gallery-item elementor-gallery-item elementor-animated-content\" href=\"https:\/\/moikacoffee.com\/wp-content\/uploads\/2023\/10\/Finca-Albacerrada-Sasaima-2-scaled.jpg\" data-elementor-open-lightbox=\"yes\" data-elementor-lightbox-slideshow=\"ef66a72\" data-elementor-lightbox-title=\"FinFinca Albacerrada Sasaimaca Albacerrada Sasaima 2\" data-e-action-hash=\"#elementor-action%3Aaction%3Dlightbox%26settings%3DeyJpZCI6Mjc5NjMsInVybCI6Imh0dHBzOlwvXC9tb2lrYWNvZmZlZS5jb21cL3dwLWNvbnRlbnRcL3VwbG9hZHNcLzIwMjNcLzEwXC9GaW5jYS1BbGJhY2VycmFkYS1TYXNhaW1hLTItc2NhbGVkLmpwZyIsInNsaWRlc2hvdyI6ImVmNjZhNzIifQ%3D%3D\">\n\t\t\t\t\t<div class=\"e-gallery-image elementor-gallery-item__image\" data-thumbnail=\"https:\/\/moikacoffee.com\/wp-content\/uploads\/2023\/10\/Finca-Albacerrada-Sasaima-2-169x300.jpg\" data-width=\"169\" data-height=\"300\" aria-label=\"\" role=\"img\" ><\/div>\n\t\t\t\t\t\t\t\t\t\t\t<div class=\"elementor-gallery-item__overlay\"><\/div>\n\t\t\t\t\t\t\t\t\t\t\t\t\t\t<\/a>\n\t\t\t\t\t\t\t<a class=\"e-gallery-item elementor-gallery-item elementor-animated-content\" href=\"https:\/\/moikacoffee.com\/wp-content\/uploads\/2023\/10\/Finca-Albacerrada-Sasaima-3-scaled.jpg\" data-elementor-open-lightbox=\"yes\" data-elementor-lightbox-slideshow=\"ef66a72\" data-elementor-lightbox-title=\"Finca Albacerrada Sasaima 3\" data-e-action-hash=\"#elementor-action%3Aaction%3Dlightbox%26settings%3DeyJpZCI6Mjc5NjQsInVybCI6Imh0dHBzOlwvXC9tb2lrYWNvZmZlZS5jb21cL3dwLWNvbnRlbnRcL3VwbG9hZHNcLzIwMjNcLzEwXC9GaW5jYS1BbGJhY2VycmFkYS1TYXNhaW1hLTMtc2NhbGVkLmpwZyIsInNsaWRlc2hvdyI6ImVmNjZhNzIifQ%3D%3D\">\n\t\t\t\t\t<div class=\"e-gallery-image elementor-gallery-item__image\" data-thumbnail=\"https:\/\/moikacoffee.com\/wp-content\/uploads\/2023\/10\/Finca-Albacerrada-Sasaima-3-300x225.jpg\" data-width=\"300\" data-height=\"225\" aria-label=\"\" role=\"img\" ><\/div>\n\t\t\t\t\t\t\t\t\t\t\t<div class=\"elementor-gallery-item__overlay\"><\/div>\n\t\t\t\t\t\t\t\t\t\t\t\t\t\t<\/a>\n\t\t\t\t\t\t\t<a class=\"e-gallery-item elementor-gallery-item elementor-animated-content\" href=\"https:\/\/moikacoffee.com\/wp-content\/uploads\/2023\/10\/Finca-Albacerrada-Sasaima-1-scaled.jpg\" data-elementor-open-lightbox=\"yes\" data-elementor-lightbox-slideshow=\"ef66a72\" data-elementor-lightbox-title=\"Finca Albacerrada Sasaima 1\" data-e-action-hash=\"#elementor-action%3Aaction%3Dlightbox%26settings%3DeyJpZCI6Mjc5NjIsInVybCI6Imh0dHBzOlwvXC9tb2lrYWNvZmZlZS5jb21cL3dwLWNvbnRlbnRcL3VwbG9hZHNcLzIwMjNcLzEwXC9GaW5jYS1BbGJhY2VycmFkYS1TYXNhaW1hLTEtc2NhbGVkLmpwZyIsInNsaWRlc2hvdyI6ImVmNjZhNzIifQ%3D%3D\">\n\t\t\t\t\t<div class=\"e-gallery-image elementor-gallery-item__image\" data-thumbnail=\"https:\/\/moikacoffee.com\/wp-content\/uploads\/2023\/10\/Finca-Albacerrada-Sasaima-1-225x300.jpg\" data-width=\"225\" data-height=\"300\" aria-label=\"Albacerrada Sasaima Farm\" role=\"img\" ><\/div>\n\t\t\t\t\t\t\t\t\t\t\t<div class=\"elementor-gallery-item__overlay\"><\/div>\n\t\t\t\t\t\t\t\t\t\t\t\t\t\t<\/a>\n\t\t\t\t\t\t\t<a class=\"e-gallery-item elementor-gallery-item elementor-animated-content\" href=\"https:\/\/moikacoffee.com\/wp-content\/uploads\/2023\/10\/Finca-Albacerrada-Sasaima-6.jpeg\" data-elementor-open-lightbox=\"yes\" data-elementor-lightbox-slideshow=\"ef66a72\" data-elementor-lightbox-title=\"Finca Albacerrada Sasaima 6\" data-e-action-hash=\"#elementor-action%3Aaction%3Dlightbox%26settings%3DeyJpZCI6Mjc5NjcsInVybCI6Imh0dHBzOlwvXC9tb2lrYWNvZmZlZS5jb21cL3dwLWNvbnRlbnRcL3VwbG9hZHNcLzIwMjNcLzEwXC9GaW5jYS1BbGJhY2VycmFkYS1TYXNhaW1hLTYuanBlZyIsInNsaWRlc2hvdyI6ImVmNjZhNzIifQ%3D%3D\">\n\t\t\t\t\t<div class=\"e-gallery-image elementor-gallery-item__image\" data-thumbnail=\"https:\/\/moikacoffee.com\/wp-content\/uploads\/2023\/10\/Finca-Albacerrada-Sasaima-6-225x300.jpeg\" data-width=\"225\" data-height=\"300\" aria-label=\"Albacerrada Farm\" role=\"img\" ><\/div>\n\t\t\t\t\t\t\t\t\t\t\t<div class=\"elementor-gallery-item__overlay\"><\/div>\n\t\t\t\t\t\t\t\t\t\t\t\t\t\t<\/a>\n\t\t\t\t\t\t\t<a class=\"e-gallery-item elementor-gallery-item elementor-animated-content\" href=\"https:\/\/moikacoffee.com\/wp-content\/uploads\/2023\/10\/cafe-pergamino-albacerrada-finca-scaled.jpg\" data-elementor-open-lightbox=\"yes\" data-elementor-lightbox-slideshow=\"ef66a72\" data-elementor-lightbox-title=\"caf\u00e9 pergamino albacerrada finca\" data-e-action-hash=\"#elementor-action%3Aaction%3Dlightbox%26settings%3DeyJpZCI6MjgwMDcsInVybCI6Imh0dHBzOlwvXC9tb2lrYWNvZmZlZS5jb21cL3dwLWNvbnRlbnRcL3VwbG9hZHNcLzIwMjNcLzEwXC9jYWZlLXBlcmdhbWluby1hbGJhY2VycmFkYS1maW5jYS1zY2FsZWQuanBnIiwic2xpZGVzaG93IjoiZWY2NmE3MiJ9\">\n\t\t\t\t\t<div class=\"e-gallery-image elementor-gallery-item__image\" data-thumbnail=\"https:\/\/moikacoffee.com\/wp-content\/uploads\/2023\/10\/cafe-pergamino-albacerrada-finca-225x300.jpg\" data-width=\"225\" data-height=\"300\" aria-label=\"Albacerrada Sasaima Farm\" role=\"img\" ><\/div>\n\t\t\t\t\t\t\t\t\t\t\t<div class=\"elementor-gallery-item__overlay\"><\/div>\n\t\t\t\t\t\t\t\t\t\t\t\t\t\t<\/a>\n\t\t\t\t\t\t\t<a class=\"e-gallery-item elementor-gallery-item elementor-animated-content\" href=\"https:\/\/moikacoffee.com\/wp-content\/uploads\/2023\/10\/finca-albacerrada-coffee-scaled.jpg\" data-elementor-open-lightbox=\"yes\" data-elementor-lightbox-slideshow=\"ef66a72\" data-elementor-lightbox-title=\"finca albacerrada coffee\" data-e-action-hash=\"#elementor-action%3Aaction%3Dlightbox%26settings%3DeyJpZCI6MjgwMDgsInVybCI6Imh0dHBzOlwvXC9tb2lrYWNvZmZlZS5jb21cL3dwLWNvbnRlbnRcL3VwbG9hZHNcLzIwMjNcLzEwXC9maW5jYS1hbGJhY2VycmFkYS1jb2ZmZWUtc2NhbGVkLmpwZyIsInNsaWRlc2hvdyI6ImVmNjZhNzIifQ%3D%3D\">\n\t\t\t\t\t<div class=\"e-gallery-image elementor-gallery-item__image\" data-thumbnail=\"https:\/\/moikacoffee.com\/wp-content\/uploads\/2023\/10\/finca-albacerrada-coffee-225x300.jpg\" data-width=\"225\" data-height=\"300\" aria-label=\"Albacerrada Sasaima Farm\" role=\"img\" ><\/div>\n\t\t\t\t\t\t\t\t\t\t\t<div class=\"elementor-gallery-item__overlay\"><\/div>\n\t\t\t\t\t\t\t\t\t\t\t\t\t\t<\/a>\n\t\t\t\t\t\t\t<a class=\"e-gallery-item elementor-gallery-item elementor-animated-content\" href=\"https:\/\/moikacoffee.com\/wp-content\/uploads\/2023\/10\/finca-albacerrada-frutos-de-cafe-scaled.jpg\" data-elementor-open-lightbox=\"yes\" data-elementor-lightbox-slideshow=\"ef66a72\" data-elementor-lightbox-title=\"finca albacerrada frutos de caf\u00e9\" data-e-action-hash=\"#elementor-action%3Aaction%3Dlightbox%26settings%3DeyJpZCI6MjgwMDksInVybCI6Imh0dHBzOlwvXC9tb2lrYWNvZmZlZS5jb21cL3dwLWNvbnRlbnRcL3VwbG9hZHNcLzIwMjNcLzEwXC9maW5jYS1hbGJhY2VycmFkYS1mcnV0b3MtZGUtY2FmZS1zY2FsZWQuanBnIiwic2xpZGVzaG93IjoiZWY2NmE3MiJ9\">\n\t\t\t\t\t<div class=\"e-gallery-image elementor-gallery-item__image\" data-thumbnail=\"https:\/\/moikacoffee.com\/wp-content\/uploads\/2023\/10\/finca-albacerrada-frutos-de-cafe-225x300.jpg\" data-width=\"225\" data-height=\"300\" aria-label=\"Albacerrada Sasaima Farm\" role=\"img\" ><\/div>\n\t\t\t\t\t\t\t\t\t\t\t<div class=\"elementor-gallery-item__overlay\"><\/div>\n\t\t\t\t\t\t\t\t\t\t\t\t\t\t<\/a>\n\t\t\t\t\t<\/div>\n\t\t\t\t\t<\/div>\n\t\t\t\t<\/div>\n\t\t\t\t<div class=\"elementor-element elementor-element-01f477c elementor-widget elementor-widget-heading\" data-id=\"01f477c\" data-element_type=\"widget\" data-widget_type=\"heading.default\">\n\t\t\t\t<div class=\"elementor-widget-container\">\n\t\t\t\t\t<h2 class=\"elementor-heading-title elementor-size-default\">Would you like to live an immersive coffee experience? Book on Airbnb<\/h2>\t\t\t\t<\/div>\n\t\t\t\t<\/div>\n\t\t\t\t<div class=\"elementor-element elementor-element-f9f61c0 elementor-widget elementor-widget-text-editor\" data-id=\"f9f61c0\" data-element_type=\"widget\" data-widget_type=\"text-editor.default\">\n\t\t\t\t<div class=\"elementor-widget-container\">\n\t\t\t\t\t\t\t\t\t<p>Only 3 hours from Bogot\u00e1 Capital District, you can book your stay at the Albacerrada farm. There you will live an immersive experience in the coffee world, bird watching and connection with nature.<\/p>\t\t\t\t\t\t\t\t<\/div>\n\t\t\t\t<\/div>\n\t\t\t\t<div class=\"elementor-element elementor-element-778e825 elementor-align-center elementor-widget elementor-widget-button\" data-id=\"778e825\" data-element_type=\"widget\" data-widget_type=\"button.default\">\n\t\t\t\t<div class=\"elementor-widget-container\">\n\t\t\t\t\t\t\t\t\t<div class=\"elementor-button-wrapper\">\n\t\t\t\t\t<a class=\"elementor-button elementor-button-link elementor-size-md\" href=\"https:\/\/air.tl\/qqWuCmIw\" target=\"_blank\">\n\t\t\t\t\t\t<span class=\"elementor-button-content-wrapper\">\n\t\t\t\t\t\t\t\t\t<span class=\"elementor-button-text\">Book Airbnb<\/span>\n\t\t\t\t\t<\/span>\n\t\t\t\t\t<\/a>\n\t\t\t\t<\/div>\n\t\t\t\t\t\t\t\t<\/div>\n\t\t\t\t<\/div>\n\t\t\t\t\t<\/div>\n\t\t<\/div>\n\t\t\t\t\t<\/div>\n\t\t<\/section>\n\t\t\t\t<\/div>","protected":false},"excerpt":{"rendered":"<p>The Albacerrada farm is the place where MOIKA coffee originated. It is located in the municipality of Sasaima, Cundinamarca, Colombia, a region of coffee growing tradition with exceptional conditions: altitude of 1636 meters above sea level, with an average temperature of 24\u00b0C. This region called Gualiv\u00e1 produces one of the best coffees in the country. This region called Gualiv\u00e1 produces one of the best coffees in the country. Would you like to [...]<\/p>","protected":false},"author":1,"featured_media":0,"parent":0,"menu_order":0,"comment_status":"closed","ping_status":"open","template":"","meta":{"inline_featured_image":false,"footnotes":""},"class_list":["post-2","page","type-page","status-publish","hentry"],"yoast_head":"<!-- This site is optimized with the Yoast SEO plugin v25.8 - https:\/\/yoast.com\/wordpress\/plugins\/seo\/ -->\n<title>Finca Albacerrada - Sasaima (Colombia) - MOIKA | Colombian Specialty Coffee<\/title>\n<meta name=\"robots\" content=\"index, follow, max-snippet:-1, max-image-preview:large, max-video-preview:-1\" \/>\n<link rel=\"canonical\" href=\"https:\/\/moikacoffee.com\/en\/albacerrada-colombian-coffee-farm\/\" \/>\n<meta property=\"og:locale\" content=\"en_US\" \/>\n<meta property=\"og:type\" content=\"article\" \/>\n<meta property=\"og:title\" content=\"Finca Albacerrada - Sasaima (Colombia) - MOIKA | Colombian Specialty Coffee\" \/>\n<meta property=\"og:description\" content=\"La finca Albacerrada es el lugar donde se origin\u00f3 el caf\u00e9 MOIKA. Est\u00e1 ubicada en el municipio de Sasaima, Cundinamarca, Colombia, una regi\u00f3n de tradici\u00f3n cafetera con unas condiciones excepcionales: altitud de 1636 m.s.n.m, con una temperatura media de 24 \u00b0C. Esta regi\u00f3n llamada Gualiv\u00e1 produce uno de los mejores caf\u00e9s del pa\u00eds. \u00bfTe gustar\u00eda [&hellip;]\" \/>\n<meta property=\"og:url\" content=\"https:\/\/moikacoffee.com\/en\/albacerrada-colombian-coffee-farm\/\" \/>\n<meta property=\"og:site_name\" content=\"MOIKA | Colombian Specialty Coffee\" \/>\n<meta property=\"article:modified_time\" content=\"2025-01-07T01:14:38+00:00\" \/>\n<meta property=\"og:image\" content=\"https:\/\/moikacoffee.com\/wp-content\/uploads\/2023\/10\/finca-Albacerrada.jpg\" \/>\n<meta name=\"twitter:card\" content=\"summary_large_image\" \/>\n<meta name=\"twitter:label1\" content=\"Est. reading time\" \/>\n\t<meta name=\"twitter:data1\" content=\"1 minute\" \/>\n<script type=\"application\/ld+json\" class=\"yoast-schema-graph\">{\"@context\":\"https:\/\/schema.org\",\"@graph\":[{\"@type\":\"WebPage\",\"@id\":\"https:\/\/moikacoffee.com\/finca-albacerrada-cafetera-colombiana\/\",\"url\":\"https:\/\/moikacoffee.com\/finca-albacerrada-cafetera-colombiana\/\",\"name\":\"Finca Albacerrada - Sasaima (Colombia) - MOIKA | Colombian Specialty Coffee\",\"isPartOf\":{\"@id\":\"https:\/\/moikacoffee.com\/#website\"},\"primaryImageOfPage\":{\"@id\":\"https:\/\/moikacoffee.com\/finca-albacerrada-cafetera-colombiana\/#primaryimage\"},\"image\":{\"@id\":\"https:\/\/moikacoffee.com\/finca-albacerrada-cafetera-colombiana\/#primaryimage\"},\"thumbnailUrl\":\"https:\/\/moikacoffee.com\/wp-content\/uploads\/2023\/10\/finca-Albacerrada.jpg\",\"datePublished\":\"2023-06-28T03:00:15+00:00\",\"dateModified\":\"2025-01-07T01:14:38+00:00\",\"breadcrumb\":{\"@id\":\"https:\/\/moikacoffee.com\/finca-albacerrada-cafetera-colombiana\/#breadcrumb\"},\"inLanguage\":\"en-US\",\"potentialAction\":[{\"@type\":\"ReadAction\",\"target\":[\"https:\/\/moikacoffee.com\/finca-albacerrada-cafetera-colombiana\/\"]}]},{\"@type\":\"ImageObject\",\"inLanguage\":\"en-US\",\"@id\":\"https:\/\/moikacoffee.com\/finca-albacerrada-cafetera-colombiana\/#primaryimage\",\"url\":\"https:\/\/moikacoffee.com\/wp-content\/uploads\/2023\/10\/finca-Albacerrada.jpg\",\"contentUrl\":\"https:\/\/moikacoffee.com\/wp-content\/uploads\/2023\/10\/finca-Albacerrada.jpg\"},{\"@type\":\"BreadcrumbList\",\"@id\":\"https:\/\/moikacoffee.com\/finca-albacerrada-cafetera-colombiana\/#breadcrumb\",\"itemListElement\":[{\"@type\":\"ListItem\",\"position\":1,\"name\":\"Home\",\"item\":\"https:\/\/moikacoffee.com\/\"},{\"@type\":\"ListItem\",\"position\":2,\"name\":\"Finca Albacerrada &#8211; Sasaima (Colombia)\"}]},{\"@type\":\"WebSite\",\"@id\":\"https:\/\/moikacoffee.com\/#website\",\"url\":\"https:\/\/moikacoffee.com\/\",\"name\":\"MOIKA | Colombian Specialty Coffee\",\"description\":\"Somos el sitio para amantes del buen caf\u00e9. Producimos caf\u00e9 de especialidad 100% colombiano y promovemos el consumo sostenible y de calidad.\",\"publisher\":{\"@id\":\"https:\/\/moikacoffee.com\/#organization\"},\"potentialAction\":[{\"@type\":\"SearchAction\",\"target\":{\"@type\":\"EntryPoint\",\"urlTemplate\":\"https:\/\/moikacoffee.com\/?s={search_term_string}\"},\"query-input\":{\"@type\":\"PropertyValueSpecification\",\"valueRequired\":true,\"valueName\":\"search_term_string\"}}],\"inLanguage\":\"en-US\"},{\"@type\":\"Organization\",\"@id\":\"https:\/\/moikacoffee.com\/#organization\",\"name\":\"MOIKA | Colombian Specialty Coffee\",\"url\":\"https:\/\/moikacoffee.com\/\",\"logo\":{\"@type\":\"ImageObject\",\"inLanguage\":\"en-US\",\"@id\":\"https:\/\/moikacoffee.com\/#\/schema\/logo\/image\/\",\"url\":\"https:\/\/moikacoffee.com\/wp-content\/uploads\/2025\/01\/cropped-Logo-Moika.webp\",\"contentUrl\":\"https:\/\/moikacoffee.com\/wp-content\/uploads\/2025\/01\/cropped-Logo-Moika.webp\",\"width\":1000,\"height\":999,\"caption\":\"MOIKA | Colombian Specialty Coffee\"},\"image\":{\"@id\":\"https:\/\/moikacoffee.com\/#\/schema\/logo\/image\/\"}}]}<\/script>\n<!-- \/ Yoast SEO plugin. -->","yoast_head_json":{"title":"Finca Albacerrada - Sasaima (Colombia) - MOIKA | Colombian Specialty Coffee","robots":{"index":"index","follow":"follow","max-snippet":"max-snippet:-1","max-image-preview":"max-image-preview:large","max-video-preview":"max-video-preview:-1"},"canonical":"https:\/\/moikacoffee.com\/en\/albacerrada-colombian-coffee-farm\/","og_locale":"en_US","og_type":"article","og_title":"Finca Albacerrada - Sasaima (Colombia) - MOIKA | Colombian Specialty Coffee","og_description":"La finca Albacerrada es el lugar donde se origin\u00f3 el caf\u00e9 MOIKA. Est\u00e1 ubicada en el municipio de Sasaima, Cundinamarca, Colombia, una regi\u00f3n de tradici\u00f3n cafetera con unas condiciones excepcionales: altitud de 1636 m.s.n.m, con una temperatura media de 24 \u00b0C. Esta regi\u00f3n llamada Gualiv\u00e1 produce uno de los mejores caf\u00e9s del pa\u00eds. \u00bfTe gustar\u00eda [&hellip;]","og_url":"https:\/\/moikacoffee.com\/en\/albacerrada-colombian-coffee-farm\/","og_site_name":"MOIKA | Colombian Specialty Coffee","article_modified_time":"2025-01-07T01:14:38+00:00","og_image":[{"url":"https:\/\/moikacoffee.com\/wp-content\/uploads\/2023\/10\/finca-Albacerrada.jpg","type":"","width":"","height":""}],"twitter_card":"summary_large_image","twitter_misc":{"Est. reading time":"1 minute"},"schema":{"@context":"https:\/\/schema.org","@graph":[{"@type":"WebPage","@id":"https:\/\/moikacoffee.com\/finca-albacerrada-cafetera-colombiana\/","url":"https:\/\/moikacoffee.com\/finca-albacerrada-cafetera-colombiana\/","name":"Finca Albacerrada - Sasaima (Colombia) - MOIKA | Colombian Specialty Coffee","isPartOf":{"@id":"https:\/\/moikacoffee.com\/#website"},"primaryImageOfPage":{"@id":"https:\/\/moikacoffee.com\/finca-albacerrada-cafetera-colombiana\/#primaryimage"},"image":{"@id":"https:\/\/moikacoffee.com\/finca-albacerrada-cafetera-colombiana\/#primaryimage"},"thumbnailUrl":"https:\/\/moikacoffee.com\/wp-content\/uploads\/2023\/10\/finca-Albacerrada.jpg","datePublished":"2023-06-28T03:00:15+00:00","dateModified":"2025-01-07T01:14:38+00:00","breadcrumb":{"@id":"https:\/\/moikacoffee.com\/finca-albacerrada-cafetera-colombiana\/#breadcrumb"},"inLanguage":"en-US","potentialAction":[{"@type":"ReadAction","target":["https:\/\/moikacoffee.com\/finca-albacerrada-cafetera-colombiana\/"]}]},{"@type":"ImageObject","inLanguage":"en-US","@id":"https:\/\/moikacoffee.com\/finca-albacerrada-cafetera-colombiana\/#primaryimage","url":"https:\/\/moikacoffee.com\/wp-content\/uploads\/2023\/10\/finca-Albacerrada.jpg","contentUrl":"https:\/\/moikacoffee.com\/wp-content\/uploads\/2023\/10\/finca-Albacerrada.jpg"},{"@type":"BreadcrumbList","@id":"https:\/\/moikacoffee.com\/finca-albacerrada-cafetera-colombiana\/#breadcrumb","itemListElement":[{"@type":"ListItem","position":1,"name":"Home","item":"https:\/\/moikacoffee.com\/"},{"@type":"ListItem","position":2,"name":"Finca Albacerrada &#8211; Sasaima (Colombia)"}]},{"@type":"WebSite","@id":"https:\/\/moikacoffee.com\/#website","url":"https:\/\/moikacoffee.com\/","name":"MOIKA | Colombian Specialty Coffee","description":"Somos el sitio para amantes del buen caf\u00e9. Producimos caf\u00e9 de especialidad 100% colombiano y promovemos el consumo sostenible y de calidad.","publisher":{"@id":"https:\/\/moikacoffee.com\/#organization"},"potentialAction":[{"@type":"SearchAction","target":{"@type":"EntryPoint","urlTemplate":"https:\/\/moikacoffee.com\/?s={search_term_string}"},"query-input":{"@type":"PropertyValueSpecification","valueRequired":true,"valueName":"search_term_string"}}],"inLanguage":"en-US"},{"@type":"Organization","@id":"https:\/\/moikacoffee.com\/#organization","name":"MOIKA | Colombian Specialty Coffee","url":"https:\/\/moikacoffee.com\/","logo":{"@type":"ImageObject","inLanguage":"en-US","@id":"https:\/\/moikacoffee.com\/#\/schema\/logo\/image\/","url":"https:\/\/moikacoffee.com\/wp-content\/uploads\/2025\/01\/cropped-Logo-Moika.webp","contentUrl":"https:\/\/moikacoffee.com\/wp-content\/uploads\/2025\/01\/cropped-Logo-Moika.webp","width":1000,"height":999,"caption":"MOIKA | Colombian Specialty Coffee"},"image":{"@id":"https:\/\/moikacoffee.com\/#\/schema\/logo\/image\/"}}]}},"_links":{"self":[{"href":"https:\/\/moikacoffee.com\/en\/wp-json\/wp\/v2\/pages\/2","targetHints":{"allow":["GET"]}}],"collection":[{"href":"https:\/\/moikacoffee.com\/en\/wp-json\/wp\/v2\/pages"}],"about":[{"href":"https:\/\/moikacoffee.com\/en\/wp-json\/wp\/v2\/types\/page"}],"author":[{"embeddable":true,"href":"https:\/\/moikacoffee.com\/en\/wp-json\/wp\/v2\/users\/1"}],"replies":[{"embeddable":true,"href":"https:\/\/moikacoffee.com\/en\/wp-json\/wp\/v2\/comments?post=2"}],"version-history":[{"count":4,"href":"https:\/\/moikacoffee.com\/en\/wp-json\/wp\/v2\/pages\/2\/revisions"}],"predecessor-version":[{"id":30583,"href":"https:\/\/moikacoffee.com\/en\/wp-json\/wp\/v2\/pages\/2\/revisions\/30583"}],"wp:attachment":[{"href":"https:\/\/moikacoffee.com\/en\/wp-json\/wp\/v2\/media?parent=2"}],"curies":[{"name":"wp","href":"https:\/\/api.w.org\/{rel}","templated":true}]}}